{"id":114,"date":"2022-12-01T20:40:21","date_gmt":"2022-12-01T19:40:21","guid":{"rendered":"https:\/\/sara.a.vaia.cloud\/?page_id=114"},"modified":"2022-12-19T12:18:50","modified_gmt":"2022-12-19T11:18:50","slug":"var-filosofi","status":"publish","type":"page","link":"https:\/\/www.tandhusetkronan.se\/?page_id=114","title":{"rendered":"V\u00e5r filosofi"},"content":{"rendered":"<p>[et_pb_section fb_built=&#8221;1&#8243; fullwidth=&#8221;on&#8221; _builder_version=&#8221;4.19.2&#8243; _module_preset=&#8221;default&#8221; background_enable_image=&#8221;off&#8221; custom_padding=&#8221;||0px|||&#8221; global_colors_info=&#8221;{}&#8221;][et_pb_fullwidth_slider _builder_version=&#8221;4.19.2&#8243; _module_preset=&#8221;default&#8221; global_colors_info=&#8221;{}&#8221;][et_pb_slide _builder_version=&#8221;4.19.2&#8243; _module_preset=&#8221;default&#8221; background_image=&#8221;https:\/\/www.tandhusetkronan.se\/wp-content\/uploads\/2022\/12\/tandhuset-scaled.jpg&#8221; background_enable_image=&#8221;on&#8221; background_position=&#8221;top_center&#8221; global_colors_info=&#8221;{}&#8221; sticky_transition=&#8221;on&#8221;][\/et_pb_slide][\/et_pb_fullwidth_slider][\/et_pb_section][et_pb_section fb_built=&#8221;1&#8243; _builder_version=&#8221;4.19.2&#8243; _module_preset=&#8221;default&#8221; global_colors_info=&#8221;{}&#8221;][et_pb_row column_structure=&#8221;1_2,1_2&#8243; _builder_version=&#8221;4.19.2&#8243; _module_preset=&#8221;default&#8221; global_colors_info=&#8221;{}&#8221;][et_pb_column type=&#8221;1_2&#8243; _builder_version=&#8221;4.19.2&#8243; _module_preset=&#8221;default&#8221; global_colors_info=&#8221;{}&#8221;][et_pb_image src=&#8221;https:\/\/sara.a.vaia.cloud\/wp-content\/uploads\/2022\/12\/Bilder-tandhuset-103-kopia-2-scaled.jpg&#8221; title_text=&#8221;Bilder tandhuset 103 &#8211; kopia (2)&#8221; _builder_version=&#8221;4.19.2&#8243; _module_preset=&#8221;default&#8221; global_colors_info=&#8221;{}&#8221;][\/et_pb_image][\/et_pb_column][et_pb_column type=&#8221;1_2&#8243; _builder_version=&#8221;4.19.2&#8243; _module_preset=&#8221;default&#8221; global_colors_info=&#8221;{}&#8221;][et_pb_text _builder_version=&#8221;4.19.2&#8243; _module_preset=&#8221;default&#8221; global_colors_info=&#8221;{}&#8221;]<\/p>\n<p>Vi \u00e4r en\u00a0 tandl\u00e4karklinik i \u00c4lvsbyn som skapar en trivsamt bes\u00f6k f\u00f6r v\u00e5ra kunder. Vi \u00e4r medlemmar i privattandl\u00e4karf\u00f6reningen vilket ger en \u00f6kad trygghet f\u00f6r dig som patient d\u00e5 vi f\u00f6ljer branschens etiska riktlinjer, \u00f6verenskommelser med konsumentverket samt har lagstadgat f\u00f6rs\u00e4kringsskydd.<\/p>\n<p>V\u00e5ra ledord \u00e4r frisk mun, gott bem\u00f6tande och kvalitet. Detta genomsyrar hela verksamheten f\u00f6r att skapa en kvalitativ tandv\u00e5rd. Vi f\u00f6ljer branschspecifika m\u00e5l avseende hygienrutiner, utrustning samt \u00e5rliga valideringar av sterilutrustning samt r\u00f6ntgen. Vi har avvikelsehantering l\u00f6pande. Vi till\u00e4mpar kollektivavtal som vi tecknat med v\u00e5rdf\u00f6retagarna. Med ett kollektivavtal p\u00e5 arbetsplatsen vet b\u00e5de arbetsgivare och anst\u00e4llda vilka regler som g\u00e4ller. De anst\u00e4llda garanteras rimlig l\u00f6n och villkor som \u00e4r gemensamma f\u00f6r branschen. Det tycker vi \u00e4r viktigt. Vi har skyddsombud och genomf\u00f6r arbetsmilj\u00f6rond och skyddsrond. Medarbetarsamtal 1 g\u00e5ng per \u00e5r- arbetsplatstr\u00e4ff 10 g\u00e5nger per \u00e5r. Patients\u00e4kerhetsarbete \u00e5rligen.<\/p>\n<p>Tandhuset Crown AB<\/p>\n<p>Ekonomi och styrelse: <a href=\"https:\/\/www.allabolag.se\/5593900128\/tandhuset-crown-ab\">allabolag.se<\/a><\/p>\n<p>[\/et_pb_text][\/et_pb_column][\/et_pb_row][et_pb_row _builder_version=&#8221;4.19.2&#8243; _module_preset=&#8221;default&#8221; hover_enabled=&#8221;0&#8243; global_colors_info=&#8221;{}&#8221; sticky_enabled=&#8221;0&#8243;][et_pb_column type=&#8221;4_4&#8243; _builder_version=&#8221;4.19.2&#8243; _module_preset=&#8221;default&#8221; global_colors_info=&#8221;{}&#8221;][et_pb_image src=&#8221;https:\/\/www.tandhusetkronan.se\/wp-content\/uploads\/2022\/12\/privattandlakarna.jpg&#8221; _builder_version=&#8221;4.19.2&#8243; _module_preset=&#8221;default&#8221; title_text=&#8221;privattandl\u00e4karna&#8221; hover_enabled=&#8221;0&#8243; sticky_enabled=&#8221;0&#8243;][\/et_pb_image][\/et_pb_column][\/et_pb_row][\/et_pb_section]<\/p>\n","protected":false},"excerpt":{"rendered":"<p>Vi \u00e4r en\u00a0 tandl\u00e4karklinik i \u00c4lvsbyn som skapar en trivsamt bes\u00f6k f\u00f6r v\u00e5ra kunder. Vi \u00e4r medlemmar i privattandl\u00e4karf\u00f6reningen vilket ger en \u00f6kad trygghet f\u00f6r dig som patient d\u00e5 vi f\u00f6ljer branschens etiska riktlinjer, \u00f6verenskommelser med konsumentverket samt har lagstadgat f\u00f6rs\u00e4kringsskydd. V\u00e5ra ledord \u00e4r frisk mun, gott bem\u00f6tande och kvalitet. Detta genomsyrar hela verksamheten f\u00f6r [&hellip;]<\/p>\n","protected":false},"author":1,"featured_media":0,"parent":0,"menu_order":0,"comment_status":"closed","ping_status":"closed","template":"","meta":{"_et_pb_use_builder":"on","_et_pb_old_content":"","_et_gb_content_width":"","footnotes":""},"class_list":["post-114","page","type-page","status-publish","hentry"],"yoast_head":"<!-- This site is optimized with the Yoast SEO plugin v26.5 - https:\/\/yoast.com\/wordpress\/plugins\/seo\/ -->\n<title>V\u00e5r filosofi - Tandhuset kronan<\/title>\n<meta name=\"robots\" content=\"index, follow, max-snippet:-1, max-image-preview:large, max-video-preview:-1\" \/>\n<link rel=\"canonical\" href=\"https:\/\/www.tandhusetkronan.se\/?page_id=114\" \/>\n<meta property=\"og:locale\" content=\"sv_SE\" \/>\n<meta property=\"og:type\" content=\"article\" \/>\n<meta property=\"og:title\" content=\"V\u00e5r filosofi - Tandhuset kronan\" \/>\n<meta property=\"og:description\" content=\"Vi \u00e4r en\u00a0 tandl\u00e4karklinik i \u00c4lvsbyn som skapar en trivsamt bes\u00f6k f\u00f6r v\u00e5ra kunder. Vi \u00e4r medlemmar i privattandl\u00e4karf\u00f6reningen vilket ger en \u00f6kad trygghet f\u00f6r dig som patient d\u00e5 vi f\u00f6ljer branschens etiska riktlinjer, \u00f6verenskommelser med konsumentverket samt har lagstadgat f\u00f6rs\u00e4kringsskydd. V\u00e5ra ledord \u00e4r frisk mun, gott bem\u00f6tande och kvalitet. Detta genomsyrar hela verksamheten f\u00f6r [&hellip;]\" \/>\n<meta property=\"og:url\" content=\"https:\/\/www.tandhusetkronan.se\/?page_id=114\" \/>\n<meta property=\"og:site_name\" content=\"Tandhuset kronan\" \/>\n<meta property=\"article:publisher\" content=\"https:\/\/m.facebook.com\/100063870930434\/\" \/>\n<meta property=\"article:modified_time\" content=\"2022-12-19T11:18:50+00:00\" \/>\n<meta name=\"twitter:card\" content=\"summary_large_image\" \/>\n<meta name=\"twitter:label1\" content=\"Ber\u00e4knad l\u00e4stid\" \/>\n\t<meta name=\"twitter:data1\" content=\"2 minuter\" \/>\n<script type=\"application\/ld+json\" class=\"yoast-schema-graph\">{\"@context\":\"https:\/\/schema.org\",\"@graph\":[{\"@type\":\"WebPage\",\"@id\":\"https:\/\/www.tandhusetkronan.se\/?page_id=114\",\"url\":\"https:\/\/www.tandhusetkronan.se\/?page_id=114\",\"name\":\"V\u00e5r filosofi - Tandhuset kronan\",\"isPartOf\":{\"@id\":\"https:\/\/www.tandhusetkronan.se\/#website\"},\"datePublished\":\"2022-12-01T19:40:21+00:00\",\"dateModified\":\"2022-12-19T11:18:50+00:00\",\"breadcrumb\":{\"@id\":\"https:\/\/www.tandhusetkronan.se\/?page_id=114#breadcrumb\"},\"inLanguage\":\"sv-SE\",\"potentialAction\":[{\"@type\":\"ReadAction\",\"target\":[\"https:\/\/www.tandhusetkronan.se\/?page_id=114\"]}]},{\"@type\":\"BreadcrumbList\",\"@id\":\"https:\/\/www.tandhusetkronan.se\/?page_id=114#breadcrumb\",\"itemListElement\":[{\"@type\":\"ListItem\",\"position\":1,\"name\":\"Hem\",\"item\":\"https:\/\/www.tandhusetkronan.se\/\"},{\"@type\":\"ListItem\",\"position\":2,\"name\":\"V\u00e5r filosofi\"}]},{\"@type\":\"WebSite\",\"@id\":\"https:\/\/www.tandhusetkronan.se\/#website\",\"url\":\"https:\/\/www.tandhusetkronan.se\/\",\"name\":\"Tandhuset kronan\",\"description\":\"\",\"publisher\":{\"@id\":\"https:\/\/www.tandhusetkronan.se\/#organization\"},\"potentialAction\":[{\"@type\":\"SearchAction\",\"target\":{\"@type\":\"EntryPoint\",\"urlTemplate\":\"https:\/\/www.tandhusetkronan.se\/?s={search_term_string}\"},\"query-input\":{\"@type\":\"PropertyValueSpecification\",\"valueRequired\":true,\"valueName\":\"search_term_string\"}}],\"inLanguage\":\"sv-SE\"},{\"@type\":\"Organization\",\"@id\":\"https:\/\/www.tandhusetkronan.se\/#organization\",\"name\":\"Tandhuset kronan\",\"url\":\"https:\/\/www.tandhusetkronan.se\/\",\"logo\":{\"@type\":\"ImageObject\",\"inLanguage\":\"sv-SE\",\"@id\":\"https:\/\/www.tandhusetkronan.se\/#\/schema\/logo\/image\/\",\"url\":\"https:\/\/www.tandhusetkronan.se\/wp-content\/uploads\/2022\/12\/Logga.png\",\"contentUrl\":\"https:\/\/www.tandhusetkronan.se\/wp-content\/uploads\/2022\/12\/Logga.png\",\"width\":445,\"height\":96,\"caption\":\"Tandhuset kronan\"},\"image\":{\"@id\":\"https:\/\/www.tandhusetkronan.se\/#\/schema\/logo\/image\/\"},\"sameAs\":[\"https:\/\/m.facebook.com\/100063870930434\/\"]}]}<\/script>\n<!-- \/ Yoast SEO plugin. -->","yoast_head_json":{"title":"V\u00e5r filosofi - Tandhuset kronan","robots":{"index":"index","follow":"follow","max-snippet":"max-snippet:-1","max-image-preview":"max-image-preview:large","max-video-preview":"max-video-preview:-1"},"canonical":"https:\/\/www.tandhusetkronan.se\/?page_id=114","og_locale":"sv_SE","og_type":"article","og_title":"V\u00e5r filosofi - Tandhuset kronan","og_description":"Vi \u00e4r en\u00a0 tandl\u00e4karklinik i \u00c4lvsbyn som skapar en trivsamt bes\u00f6k f\u00f6r v\u00e5ra kunder. Vi \u00e4r medlemmar i privattandl\u00e4karf\u00f6reningen vilket ger en \u00f6kad trygghet f\u00f6r dig som patient d\u00e5 vi f\u00f6ljer branschens etiska riktlinjer, \u00f6verenskommelser med konsumentverket samt har lagstadgat f\u00f6rs\u00e4kringsskydd. V\u00e5ra ledord \u00e4r frisk mun, gott bem\u00f6tande och kvalitet. Detta genomsyrar hela verksamheten f\u00f6r [&hellip;]","og_url":"https:\/\/www.tandhusetkronan.se\/?page_id=114","og_site_name":"Tandhuset kronan","article_publisher":"https:\/\/m.facebook.com\/100063870930434\/","article_modified_time":"2022-12-19T11:18:50+00:00","twitter_card":"summary_large_image","twitter_misc":{"Ber\u00e4knad l\u00e4stid":"2 minuter"},"schema":{"@context":"https:\/\/schema.org","@graph":[{"@type":"WebPage","@id":"https:\/\/www.tandhusetkronan.se\/?page_id=114","url":"https:\/\/www.tandhusetkronan.se\/?page_id=114","name":"V\u00e5r filosofi - Tandhuset kronan","isPartOf":{"@id":"https:\/\/www.tandhusetkronan.se\/#website"},"datePublished":"2022-12-01T19:40:21+00:00","dateModified":"2022-12-19T11:18:50+00:00","breadcrumb":{"@id":"https:\/\/www.tandhusetkronan.se\/?page_id=114#breadcrumb"},"inLanguage":"sv-SE","potentialAction":[{"@type":"ReadAction","target":["https:\/\/www.tandhusetkronan.se\/?page_id=114"]}]},{"@type":"BreadcrumbList","@id":"https:\/\/www.tandhusetkronan.se\/?page_id=114#breadcrumb","itemListElement":[{"@type":"ListItem","position":1,"name":"Hem","item":"https:\/\/www.tandhusetkronan.se\/"},{"@type":"ListItem","position":2,"name":"V\u00e5r filosofi"}]},{"@type":"WebSite","@id":"https:\/\/www.tandhusetkronan.se\/#website","url":"https:\/\/www.tandhusetkronan.se\/","name":"Tandhuset kronan","description":"","publisher":{"@id":"https:\/\/www.tandhusetkronan.se\/#organization"},"potentialAction":[{"@type":"SearchAction","target":{"@type":"EntryPoint","urlTemplate":"https:\/\/www.tandhusetkronan.se\/?s={search_term_string}"},"query-input":{"@type":"PropertyValueSpecification","valueRequired":true,"valueName":"search_term_string"}}],"inLanguage":"sv-SE"},{"@type":"Organization","@id":"https:\/\/www.tandhusetkronan.se\/#organization","name":"Tandhuset kronan","url":"https:\/\/www.tandhusetkronan.se\/","logo":{"@type":"ImageObject","inLanguage":"sv-SE","@id":"https:\/\/www.tandhusetkronan.se\/#\/schema\/logo\/image\/","url":"https:\/\/www.tandhusetkronan.se\/wp-content\/uploads\/2022\/12\/Logga.png","contentUrl":"https:\/\/www.tandhusetkronan.se\/wp-content\/uploads\/2022\/12\/Logga.png","width":445,"height":96,"caption":"Tandhuset kronan"},"image":{"@id":"https:\/\/www.tandhusetkronan.se\/#\/schema\/logo\/image\/"},"sameAs":["https:\/\/m.facebook.com\/100063870930434\/"]}]}},"_links":{"self":[{"href":"https:\/\/www.tandhusetkronan.se\/index.php?rest_route=\/wp\/v2\/pages\/114","targetHints":{"allow":["GET"]}}],"collection":[{"href":"https:\/\/www.tandhusetkronan.se\/index.php?rest_route=\/wp\/v2\/pages"}],"about":[{"href":"https:\/\/www.tandhusetkronan.se\/index.php?rest_route=\/wp\/v2\/types\/page"}],"author":[{"embeddable":true,"href":"https:\/\/www.tandhusetkronan.se\/index.php?rest_route=\/wp\/v2\/users\/1"}],"replies":[{"embeddable":true,"href":"https:\/\/www.tandhusetkronan.se\/index.php?rest_route=%2Fwp%2Fv2%2Fcomments&post=114"}],"version-history":[{"count":11,"href":"https:\/\/www.tandhusetkronan.se\/index.php?rest_route=\/wp\/v2\/pages\/114\/revisions"}],"predecessor-version":[{"id":325,"href":"https:\/\/www.tandhusetkronan.se\/index.php?rest_route=\/wp\/v2\/pages\/114\/revisions\/325"}],"wp:attachment":[{"href":"https:\/\/www.tandhusetkronan.se\/index.php?rest_route=%2Fwp%2Fv2%2Fmedia&parent=114"}],"curies":[{"name":"wp","href":"https:\/\/api.w.org\/{rel}","templated":true}]}}