{"id":139,"date":"2022-12-03T20:56:16","date_gmt":"2022-12-03T19:56:16","guid":{"rendered":"https:\/\/sara.a.vaia.cloud\/?page_id=139"},"modified":"2022-12-22T11:05:55","modified_gmt":"2022-12-22T10:05:55","slug":"akut-tandvard","status":"publish","type":"page","link":"https:\/\/www.tandhusetkronan.se\/?page_id=139","title":{"rendered":"Akut tandv\u00e5rd"},"content":{"rendered":"<p>[et_pb_section fb_built=&#8221;1&#8243; fullwidth=&#8221;on&#8221; _builder_version=&#8221;4.19.2&#8243; _module_preset=&#8221;default&#8221; global_colors_info=&#8221;{}&#8221;][et_pb_fullwidth_slider _builder_version=&#8221;4.19.2&#8243; _module_preset=&#8221;default&#8221; global_colors_info=&#8221;{}&#8221;][et_pb_slide _builder_version=&#8221;4.19.2&#8243; _module_preset=&#8221;default&#8221; background_image=&#8221;https:\/\/www.tandhusetkronan.se\/wp-content\/uploads\/2022\/12\/akuttandvard.png&#8221; background_enable_image=&#8221;on&#8221; global_colors_info=&#8221;{}&#8221; sticky_transition=&#8221;on&#8221;][\/et_pb_slide][\/et_pb_fullwidth_slider][\/et_pb_section][et_pb_section fb_built=&#8221;1&#8243; _builder_version=&#8221;4.19.2&#8243; _module_preset=&#8221;default&#8221; global_colors_info=&#8221;{}&#8221;][et_pb_row _builder_version=&#8221;4.19.2&#8243; _module_preset=&#8221;default&#8221; global_colors_info=&#8221;{}&#8221;][et_pb_column type=&#8221;4_4&#8243; _builder_version=&#8221;4.19.2&#8243; _module_preset=&#8221;default&#8221; global_colors_info=&#8221;{}&#8221;][et_pb_text _builder_version=&#8221;4.19.2&#8243; _module_preset=&#8221;default&#8221; global_colors_info=&#8221;{}&#8221;]<\/p>\n<div class=\"et_pb_section et_pb_section_1 et_section_regular\">\n<div class=\"et_pb_row et_pb_row_0\">\n<div class=\"et_pb_column et_pb_column_4_4 et_pb_column_0  et_pb_css_mix_blend_mode_passthrough et-last-child\">\n<div class=\"et_pb_module et_pb_text et_pb_text_0  et_pb_text_align_left et_pb_bg_layout_light\">\n<div class=\"et_pb_text_inner\">\n<p><strong>Akuta Tandbehandlingar:<\/strong> Har du f\u00e5tt tandv\u00e4rk eller slagit n\u00e5gon tand? Om du \u00e4r aktiv patient hos oss s\u00e5 ring eller maila oss s\u00e5 f\u00f6rs\u00f6ker vi hj\u00e4lpa dig samma dag.<\/p>\n<\/div>\n<\/div>\n<\/div>\n<\/div>\n<\/div>\n<p>[\/et_pb_text][\/et_pb_column][\/et_pb_row][\/et_pb_section]<\/p>\n","protected":false},"excerpt":{"rendered":"<p>Akuta Tandbehandlingar: Har du f\u00e5tt tandv\u00e4rk eller slagit n\u00e5gon tand? Om du \u00e4r aktiv patient hos oss s\u00e5 ring eller maila oss s\u00e5 f\u00f6rs\u00f6ker vi hj\u00e4lpa dig samma dag.<\/p>\n","protected":false},"author":1,"featured_media":0,"parent":0,"menu_order":0,"comment_status":"closed","ping_status":"closed","template":"","meta":{"_et_pb_use_builder":"on","_et_pb_old_content":"","_et_gb_content_width":"","footnotes":""},"class_list":["post-139","page","type-page","status-publish","hentry"],"yoast_head":"<!-- This site is optimized with the Yoast SEO plugin v26.5 - https:\/\/yoast.com\/wordpress\/plugins\/seo\/ -->\n<title>Akut tandv\u00e5rd - Tandhuset kronan<\/title>\n<meta name=\"robots\" content=\"index, follow, max-snippet:-1, max-image-preview:large, max-video-preview:-1\" \/>\n<link rel=\"canonical\" href=\"https:\/\/www.tandhusetkronan.se\/?page_id=139\" \/>\n<meta property=\"og:locale\" content=\"sv_SE\" \/>\n<meta property=\"og:type\" content=\"article\" \/>\n<meta property=\"og:title\" content=\"Akut tandv\u00e5rd - Tandhuset kronan\" \/>\n<meta property=\"og:description\" content=\"Akuta Tandbehandlingar: Har du f\u00e5tt tandv\u00e4rk eller slagit n\u00e5gon tand? Om du \u00e4r aktiv patient hos oss s\u00e5 ring eller maila oss s\u00e5 f\u00f6rs\u00f6ker vi hj\u00e4lpa dig samma dag.\" \/>\n<meta property=\"og:url\" content=\"https:\/\/www.tandhusetkronan.se\/?page_id=139\" \/>\n<meta property=\"og:site_name\" content=\"Tandhuset kronan\" \/>\n<meta property=\"article:publisher\" content=\"https:\/\/m.facebook.com\/100063870930434\/\" \/>\n<meta property=\"article:modified_time\" content=\"2022-12-22T10:05:55+00:00\" \/>\n<meta name=\"twitter:card\" content=\"summary_large_image\" \/>\n<meta name=\"twitter:label1\" content=\"Ber\u00e4knad l\u00e4stid\" \/>\n\t<meta name=\"twitter:data1\" content=\"1 minut\" \/>\n<script type=\"application\/ld+json\" class=\"yoast-schema-graph\">{\"@context\":\"https:\/\/schema.org\",\"@graph\":[{\"@type\":\"WebPage\",\"@id\":\"https:\/\/www.tandhusetkronan.se\/?page_id=139\",\"url\":\"https:\/\/www.tandhusetkronan.se\/?page_id=139\",\"name\":\"Akut tandv\u00e5rd - Tandhuset kronan\",\"isPartOf\":{\"@id\":\"https:\/\/www.tandhusetkronan.se\/#website\"},\"datePublished\":\"2022-12-03T19:56:16+00:00\",\"dateModified\":\"2022-12-22T10:05:55+00:00\",\"breadcrumb\":{\"@id\":\"https:\/\/www.tandhusetkronan.se\/?page_id=139#breadcrumb\"},\"inLanguage\":\"sv-SE\",\"potentialAction\":[{\"@type\":\"ReadAction\",\"target\":[\"https:\/\/www.tandhusetkronan.se\/?page_id=139\"]}]},{\"@type\":\"BreadcrumbList\",\"@id\":\"https:\/\/www.tandhusetkronan.se\/?page_id=139#breadcrumb\",\"itemListElement\":[{\"@type\":\"ListItem\",\"position\":1,\"name\":\"Hem\",\"item\":\"https:\/\/www.tandhusetkronan.se\/\"},{\"@type\":\"ListItem\",\"position\":2,\"name\":\"Akut tandv\u00e5rd\"}]},{\"@type\":\"WebSite\",\"@id\":\"https:\/\/www.tandhusetkronan.se\/#website\",\"url\":\"https:\/\/www.tandhusetkronan.se\/\",\"name\":\"Tandhuset kronan\",\"description\":\"\",\"publisher\":{\"@id\":\"https:\/\/www.tandhusetkronan.se\/#organization\"},\"potentialAction\":[{\"@type\":\"SearchAction\",\"target\":{\"@type\":\"EntryPoint\",\"urlTemplate\":\"https:\/\/www.tandhusetkronan.se\/?s={search_term_string}\"},\"query-input\":{\"@type\":\"PropertyValueSpecification\",\"valueRequired\":true,\"valueName\":\"search_term_string\"}}],\"inLanguage\":\"sv-SE\"},{\"@type\":\"Organization\",\"@id\":\"https:\/\/www.tandhusetkronan.se\/#organization\",\"name\":\"Tandhuset kronan\",\"url\":\"https:\/\/www.tandhusetkronan.se\/\",\"logo\":{\"@type\":\"ImageObject\",\"inLanguage\":\"sv-SE\",\"@id\":\"https:\/\/www.tandhusetkronan.se\/#\/schema\/logo\/image\/\",\"url\":\"https:\/\/www.tandhusetkronan.se\/wp-content\/uploads\/2022\/12\/Logga.png\",\"contentUrl\":\"https:\/\/www.tandhusetkronan.se\/wp-content\/uploads\/2022\/12\/Logga.png\",\"width\":445,\"height\":96,\"caption\":\"Tandhuset kronan\"},\"image\":{\"@id\":\"https:\/\/www.tandhusetkronan.se\/#\/schema\/logo\/image\/\"},\"sameAs\":[\"https:\/\/m.facebook.com\/100063870930434\/\"]}]}<\/script>\n<!-- \/ Yoast SEO plugin. -->","yoast_head_json":{"title":"Akut tandv\u00e5rd - Tandhuset kronan","robots":{"index":"index","follow":"follow","max-snippet":"max-snippet:-1","max-image-preview":"max-image-preview:large","max-video-preview":"max-video-preview:-1"},"canonical":"https:\/\/www.tandhusetkronan.se\/?page_id=139","og_locale":"sv_SE","og_type":"article","og_title":"Akut tandv\u00e5rd - Tandhuset kronan","og_description":"Akuta Tandbehandlingar: Har du f\u00e5tt tandv\u00e4rk eller slagit n\u00e5gon tand? Om du \u00e4r aktiv patient hos oss s\u00e5 ring eller maila oss s\u00e5 f\u00f6rs\u00f6ker vi hj\u00e4lpa dig samma dag.","og_url":"https:\/\/www.tandhusetkronan.se\/?page_id=139","og_site_name":"Tandhuset kronan","article_publisher":"https:\/\/m.facebook.com\/100063870930434\/","article_modified_time":"2022-12-22T10:05:55+00:00","twitter_card":"summary_large_image","twitter_misc":{"Ber\u00e4knad l\u00e4stid":"1 minut"},"schema":{"@context":"https:\/\/schema.org","@graph":[{"@type":"WebPage","@id":"https:\/\/www.tandhusetkronan.se\/?page_id=139","url":"https:\/\/www.tandhusetkronan.se\/?page_id=139","name":"Akut tandv\u00e5rd - Tandhuset kronan","isPartOf":{"@id":"https:\/\/www.tandhusetkronan.se\/#website"},"datePublished":"2022-12-03T19:56:16+00:00","dateModified":"2022-12-22T10:05:55+00:00","breadcrumb":{"@id":"https:\/\/www.tandhusetkronan.se\/?page_id=139#breadcrumb"},"inLanguage":"sv-SE","potentialAction":[{"@type":"ReadAction","target":["https:\/\/www.tandhusetkronan.se\/?page_id=139"]}]},{"@type":"BreadcrumbList","@id":"https:\/\/www.tandhusetkronan.se\/?page_id=139#breadcrumb","itemListElement":[{"@type":"ListItem","position":1,"name":"Hem","item":"https:\/\/www.tandhusetkronan.se\/"},{"@type":"ListItem","position":2,"name":"Akut tandv\u00e5rd"}]},{"@type":"WebSite","@id":"https:\/\/www.tandhusetkronan.se\/#website","url":"https:\/\/www.tandhusetkronan.se\/","name":"Tandhuset kronan","description":"","publisher":{"@id":"https:\/\/www.tandhusetkronan.se\/#organization"},"potentialAction":[{"@type":"SearchAction","target":{"@type":"EntryPoint","urlTemplate":"https:\/\/www.tandhusetkronan.se\/?s={search_term_string}"},"query-input":{"@type":"PropertyValueSpecification","valueRequired":true,"valueName":"search_term_string"}}],"inLanguage":"sv-SE"},{"@type":"Organization","@id":"https:\/\/www.tandhusetkronan.se\/#organization","name":"Tandhuset kronan","url":"https:\/\/www.tandhusetkronan.se\/","logo":{"@type":"ImageObject","inLanguage":"sv-SE","@id":"https:\/\/www.tandhusetkronan.se\/#\/schema\/logo\/image\/","url":"https:\/\/www.tandhusetkronan.se\/wp-content\/uploads\/2022\/12\/Logga.png","contentUrl":"https:\/\/www.tandhusetkronan.se\/wp-content\/uploads\/2022\/12\/Logga.png","width":445,"height":96,"caption":"Tandhuset kronan"},"image":{"@id":"https:\/\/www.tandhusetkronan.se\/#\/schema\/logo\/image\/"},"sameAs":["https:\/\/m.facebook.com\/100063870930434\/"]}]}},"_links":{"self":[{"href":"https:\/\/www.tandhusetkronan.se\/index.php?rest_route=\/wp\/v2\/pages\/139","targetHints":{"allow":["GET"]}}],"collection":[{"href":"https:\/\/www.tandhusetkronan.se\/index.php?rest_route=\/wp\/v2\/pages"}],"about":[{"href":"https:\/\/www.tandhusetkronan.se\/index.php?rest_route=\/wp\/v2\/types\/page"}],"author":[{"embeddable":true,"href":"https:\/\/www.tandhusetkronan.se\/index.php?rest_route=\/wp\/v2\/users\/1"}],"replies":[{"embeddable":true,"href":"https:\/\/www.tandhusetkronan.se\/index.php?rest_route=%2Fwp%2Fv2%2Fcomments&post=139"}],"version-history":[{"count":9,"href":"https:\/\/www.tandhusetkronan.se\/index.php?rest_route=\/wp\/v2\/pages\/139\/revisions"}],"predecessor-version":[{"id":329,"href":"https:\/\/www.tandhusetkronan.se\/index.php?rest_route=\/wp\/v2\/pages\/139\/revisions\/329"}],"wp:attachment":[{"href":"https:\/\/www.tandhusetkronan.se\/index.php?rest_route=%2Fwp%2Fv2%2Fmedia&parent=139"}],"curies":[{"name":"wp","href":"https:\/\/api.w.org\/{rel}","templated":true}]}}