{"id":158,"date":"2022-12-03T21:27:18","date_gmt":"2022-12-03T20:27:18","guid":{"rendered":"https:\/\/sara.a.vaia.cloud\/?page_id=158"},"modified":"2022-12-13T20:37:42","modified_gmt":"2022-12-13T19:37:42","slug":"implantatbehandling","status":"publish","type":"page","link":"https:\/\/www.tandhusetkronan.se\/?page_id=158","title":{"rendered":"Implantatbehandling"},"content":{"rendered":"<p>[et_pb_section fb_built=&#8221;1&#8243; fullwidth=&#8221;on&#8221; _builder_version=&#8221;4.19.2&#8243; _module_preset=&#8221;default&#8221; background_position=&#8221;bottom_center&#8221; custom_padding=&#8221;||3px|||&#8221; hover_enabled=&#8221;0&#8243; global_colors_info=&#8221;{}&#8221; background_enable_image=&#8221;off&#8221; sticky_enabled=&#8221;0&#8243;][et_pb_fullwidth_slider _builder_version=&#8221;4.19.2&#8243; _module_preset=&#8221;default&#8221; title_text=&#8221;implantatbehandling&#8221; background_image=&#8221;https:\/\/www.tandhusetkronan.se\/wp-content\/uploads\/2022\/12\/implantatbehandling.jpg&#8221; hover_enabled=&#8221;0&#8243; sticky_enabled=&#8221;0&#8243;][et_pb_slide _builder_version=&#8221;4.19.2&#8243; _module_preset=&#8221;default&#8221; background_enable_color=&#8221;off&#8221; title_text=&#8221;implantatbehandling&#8221; background_image=&#8221;https:\/\/www.tandhusetkronan.se\/wp-content\/uploads\/2022\/12\/implantatbehandling.jpg&#8221; background_enable_image=&#8221;on&#8221; hover_enabled=&#8221;0&#8243; sticky_enabled=&#8221;0&#8243;][\/et_pb_slide][\/et_pb_fullwidth_slider][\/et_pb_section][et_pb_section fb_built=&#8221;1&#8243; _builder_version=&#8221;4.19.2&#8243; _module_preset=&#8221;default&#8221; global_colors_info=&#8221;{}&#8221; min_height=&#8221;310.4px&#8221;][et_pb_row _builder_version=&#8221;4.19.2&#8243; _module_preset=&#8221;default&#8221; global_colors_info=&#8221;{}&#8221; custom_margin=&#8221;-55px|auto||auto||&#8221;][et_pb_column type=&#8221;4_4&#8243; _builder_version=&#8221;4.19.2&#8243; _module_preset=&#8221;default&#8221; global_colors_info=&#8221;{}&#8221;][et_pb_text _builder_version=&#8221;4.19.2&#8243; _module_preset=&#8221;default&#8221; custom_padding=&#8221;2px||39px|||&#8221; global_colors_info=&#8221;{}&#8221;]<\/p>\n<p><strong>Implantatkirurgi: <\/strong>Implantat anv\u00e4nds n\u00e4r man vill ers\u00e4tta saknade t\u00e4nder. Vi har m\u00e5nga \u00e5rs erfarenhet av implantatbehandling. Vi hj\u00e4lper dig som patient med allt fr\u00e5n bed\u00f6mning, operation och till f\u00e4rdig konstruktion. Vi arbetar med straumann och nobel implantat.<\/p>\n<p>&nbsp;<\/p>\n<p>[\/et_pb_text][\/et_pb_column][\/et_pb_row][\/et_pb_section]<\/p>\n","protected":false},"excerpt":{"rendered":"<p>Implantatkirurgi: Implantat anv\u00e4nds n\u00e4r man vill ers\u00e4tta saknade t\u00e4nder. Vi har m\u00e5nga \u00e5rs erfarenhet av implantatbehandling. Vi hj\u00e4lper dig som patient med allt fr\u00e5n bed\u00f6mning, operation och till f\u00e4rdig konstruktion. Vi arbetar med straumann och nobel implantat. &nbsp;<\/p>\n","protected":false},"author":1,"featured_media":0,"parent":0,"menu_order":0,"comment_status":"closed","ping_status":"closed","template":"","meta":{"_et_pb_use_builder":"on","_et_pb_old_content":"","_et_gb_content_width":"","footnotes":""},"class_list":["post-158","page","type-page","status-publish","hentry"],"yoast_head":"<!-- This site is optimized with the Yoast SEO plugin v26.5 - https:\/\/yoast.com\/wordpress\/plugins\/seo\/ -->\n<title>Implantatbehandling - Tandhuset kronan<\/title>\n<meta name=\"robots\" content=\"index, follow, max-snippet:-1, max-image-preview:large, max-video-preview:-1\" \/>\n<link rel=\"canonical\" href=\"https:\/\/www.tandhusetkronan.se\/?page_id=158\" \/>\n<meta property=\"og:locale\" content=\"sv_SE\" \/>\n<meta property=\"og:type\" content=\"article\" \/>\n<meta property=\"og:title\" content=\"Implantatbehandling - Tandhuset kronan\" \/>\n<meta property=\"og:description\" content=\"Implantatkirurgi: Implantat anv\u00e4nds n\u00e4r man vill ers\u00e4tta saknade t\u00e4nder. Vi har m\u00e5nga \u00e5rs erfarenhet av implantatbehandling. Vi hj\u00e4lper dig som patient med allt fr\u00e5n bed\u00f6mning, operation och till f\u00e4rdig konstruktion. Vi arbetar med straumann och nobel implantat. &nbsp;\" \/>\n<meta property=\"og:url\" content=\"https:\/\/www.tandhusetkronan.se\/?page_id=158\" \/>\n<meta property=\"og:site_name\" content=\"Tandhuset kronan\" \/>\n<meta property=\"article:publisher\" content=\"https:\/\/m.facebook.com\/100063870930434\/\" \/>\n<meta property=\"article:modified_time\" content=\"2022-12-13T19:37:42+00:00\" \/>\n<meta name=\"twitter:card\" content=\"summary_large_image\" \/>\n<meta name=\"twitter:label1\" content=\"Ber\u00e4knad l\u00e4stid\" \/>\n\t<meta name=\"twitter:data1\" content=\"1 minut\" \/>\n<script type=\"application\/ld+json\" class=\"yoast-schema-graph\">{\"@context\":\"https:\/\/schema.org\",\"@graph\":[{\"@type\":\"WebPage\",\"@id\":\"https:\/\/www.tandhusetkronan.se\/?page_id=158\",\"url\":\"https:\/\/www.tandhusetkronan.se\/?page_id=158\",\"name\":\"Implantatbehandling - Tandhuset kronan\",\"isPartOf\":{\"@id\":\"https:\/\/www.tandhusetkronan.se\/#website\"},\"datePublished\":\"2022-12-03T20:27:18+00:00\",\"dateModified\":\"2022-12-13T19:37:42+00:00\",\"breadcrumb\":{\"@id\":\"https:\/\/www.tandhusetkronan.se\/?page_id=158#breadcrumb\"},\"inLanguage\":\"sv-SE\",\"potentialAction\":[{\"@type\":\"ReadAction\",\"target\":[\"https:\/\/www.tandhusetkronan.se\/?page_id=158\"]}]},{\"@type\":\"BreadcrumbList\",\"@id\":\"https:\/\/www.tandhusetkronan.se\/?page_id=158#breadcrumb\",\"itemListElement\":[{\"@type\":\"ListItem\",\"position\":1,\"name\":\"Hem\",\"item\":\"https:\/\/www.tandhusetkronan.se\/\"},{\"@type\":\"ListItem\",\"position\":2,\"name\":\"Implantatbehandling\"}]},{\"@type\":\"WebSite\",\"@id\":\"https:\/\/www.tandhusetkronan.se\/#website\",\"url\":\"https:\/\/www.tandhusetkronan.se\/\",\"name\":\"Tandhuset kronan\",\"description\":\"\",\"publisher\":{\"@id\":\"https:\/\/www.tandhusetkronan.se\/#organization\"},\"potentialAction\":[{\"@type\":\"SearchAction\",\"target\":{\"@type\":\"EntryPoint\",\"urlTemplate\":\"https:\/\/www.tandhusetkronan.se\/?s={search_term_string}\"},\"query-input\":{\"@type\":\"PropertyValueSpecification\",\"valueRequired\":true,\"valueName\":\"search_term_string\"}}],\"inLanguage\":\"sv-SE\"},{\"@type\":\"Organization\",\"@id\":\"https:\/\/www.tandhusetkronan.se\/#organization\",\"name\":\"Tandhuset kronan\",\"url\":\"https:\/\/www.tandhusetkronan.se\/\",\"logo\":{\"@type\":\"ImageObject\",\"inLanguage\":\"sv-SE\",\"@id\":\"https:\/\/www.tandhusetkronan.se\/#\/schema\/logo\/image\/\",\"url\":\"https:\/\/www.tandhusetkronan.se\/wp-content\/uploads\/2022\/12\/Logga.png\",\"contentUrl\":\"https:\/\/www.tandhusetkronan.se\/wp-content\/uploads\/2022\/12\/Logga.png\",\"width\":445,\"height\":96,\"caption\":\"Tandhuset kronan\"},\"image\":{\"@id\":\"https:\/\/www.tandhusetkronan.se\/#\/schema\/logo\/image\/\"},\"sameAs\":[\"https:\/\/m.facebook.com\/100063870930434\/\"]}]}<\/script>\n<!-- \/ Yoast SEO plugin. -->","yoast_head_json":{"title":"Implantatbehandling - Tandhuset kronan","robots":{"index":"index","follow":"follow","max-snippet":"max-snippet:-1","max-image-preview":"max-image-preview:large","max-video-preview":"max-video-preview:-1"},"canonical":"https:\/\/www.tandhusetkronan.se\/?page_id=158","og_locale":"sv_SE","og_type":"article","og_title":"Implantatbehandling - Tandhuset kronan","og_description":"Implantatkirurgi: Implantat anv\u00e4nds n\u00e4r man vill ers\u00e4tta saknade t\u00e4nder. Vi har m\u00e5nga \u00e5rs erfarenhet av implantatbehandling. Vi hj\u00e4lper dig som patient med allt fr\u00e5n bed\u00f6mning, operation och till f\u00e4rdig konstruktion. Vi arbetar med straumann och nobel implantat. &nbsp;","og_url":"https:\/\/www.tandhusetkronan.se\/?page_id=158","og_site_name":"Tandhuset kronan","article_publisher":"https:\/\/m.facebook.com\/100063870930434\/","article_modified_time":"2022-12-13T19:37:42+00:00","twitter_card":"summary_large_image","twitter_misc":{"Ber\u00e4knad l\u00e4stid":"1 minut"},"schema":{"@context":"https:\/\/schema.org","@graph":[{"@type":"WebPage","@id":"https:\/\/www.tandhusetkronan.se\/?page_id=158","url":"https:\/\/www.tandhusetkronan.se\/?page_id=158","name":"Implantatbehandling - Tandhuset kronan","isPartOf":{"@id":"https:\/\/www.tandhusetkronan.se\/#website"},"datePublished":"2022-12-03T20:27:18+00:00","dateModified":"2022-12-13T19:37:42+00:00","breadcrumb":{"@id":"https:\/\/www.tandhusetkronan.se\/?page_id=158#breadcrumb"},"inLanguage":"sv-SE","potentialAction":[{"@type":"ReadAction","target":["https:\/\/www.tandhusetkronan.se\/?page_id=158"]}]},{"@type":"BreadcrumbList","@id":"https:\/\/www.tandhusetkronan.se\/?page_id=158#breadcrumb","itemListElement":[{"@type":"ListItem","position":1,"name":"Hem","item":"https:\/\/www.tandhusetkronan.se\/"},{"@type":"ListItem","position":2,"name":"Implantatbehandling"}]},{"@type":"WebSite","@id":"https:\/\/www.tandhusetkronan.se\/#website","url":"https:\/\/www.tandhusetkronan.se\/","name":"Tandhuset kronan","description":"","publisher":{"@id":"https:\/\/www.tandhusetkronan.se\/#organization"},"potentialAction":[{"@type":"SearchAction","target":{"@type":"EntryPoint","urlTemplate":"https:\/\/www.tandhusetkronan.se\/?s={search_term_string}"},"query-input":{"@type":"PropertyValueSpecification","valueRequired":true,"valueName":"search_term_string"}}],"inLanguage":"sv-SE"},{"@type":"Organization","@id":"https:\/\/www.tandhusetkronan.se\/#organization","name":"Tandhuset kronan","url":"https:\/\/www.tandhusetkronan.se\/","logo":{"@type":"ImageObject","inLanguage":"sv-SE","@id":"https:\/\/www.tandhusetkronan.se\/#\/schema\/logo\/image\/","url":"https:\/\/www.tandhusetkronan.se\/wp-content\/uploads\/2022\/12\/Logga.png","contentUrl":"https:\/\/www.tandhusetkronan.se\/wp-content\/uploads\/2022\/12\/Logga.png","width":445,"height":96,"caption":"Tandhuset kronan"},"image":{"@id":"https:\/\/www.tandhusetkronan.se\/#\/schema\/logo\/image\/"},"sameAs":["https:\/\/m.facebook.com\/100063870930434\/"]}]}},"_links":{"self":[{"href":"https:\/\/www.tandhusetkronan.se\/index.php?rest_route=\/wp\/v2\/pages\/158","targetHints":{"allow":["GET"]}}],"collection":[{"href":"https:\/\/www.tandhusetkronan.se\/index.php?rest_route=\/wp\/v2\/pages"}],"about":[{"href":"https:\/\/www.tandhusetkronan.se\/index.php?rest_route=\/wp\/v2\/types\/page"}],"author":[{"embeddable":true,"href":"https:\/\/www.tandhusetkronan.se\/index.php?rest_route=\/wp\/v2\/users\/1"}],"replies":[{"embeddable":true,"href":"https:\/\/www.tandhusetkronan.se\/index.php?rest_route=%2Fwp%2Fv2%2Fcomments&post=158"}],"version-history":[{"count":3,"href":"https:\/\/www.tandhusetkronan.se\/index.php?rest_route=\/wp\/v2\/pages\/158\/revisions"}],"predecessor-version":[{"id":293,"href":"https:\/\/www.tandhusetkronan.se\/index.php?rest_route=\/wp\/v2\/pages\/158\/revisions\/293"}],"wp:attachment":[{"href":"https:\/\/www.tandhusetkronan.se\/index.php?rest_route=%2Fwp%2Fv2%2Fmedia&parent=158"}],"curies":[{"name":"wp","href":"https:\/\/api.w.org\/{rel}","templated":true}]}}