{"id":160,"date":"2022-12-03T21:28:55","date_gmt":"2022-12-03T20:28:55","guid":{"rendered":"https:\/\/sara.a.vaia.cloud\/?page_id=160"},"modified":"2022-12-13T21:00:44","modified_gmt":"2022-12-13T20:00:44","slug":"skenor","status":"publish","type":"page","link":"https:\/\/www.tandhusetkronan.se\/?page_id=160","title":{"rendered":"Skenor"},"content":{"rendered":"\n[et_pb_section fb_built=&#8221;1&#8243; fullwidth=&#8221;on&#8221; _builder_version=&#8221;4.19.2&#8243; _module_preset=&#8221;default&#8221; custom_padding=&#8221;||163px|||&#8221; hover_enabled=&#8221;0&#8243; global_colors_info=&#8221;{}&#8221; background_enable_image=&#8221;off&#8221; sticky_enabled=&#8221;0&#8243;][et_pb_fullwidth_slider _builder_version=&#8221;4.19.2&#8243; _module_preset=&#8221;default&#8221; hover_enabled=&#8221;0&#8243; sticky_enabled=&#8221;0&#8243;][et_pb_slide _builder_version=&#8221;4.19.2&#8243; _module_preset=&#8221;default&#8221; title_text=&#8221;bettskena&#8221; background_image=&#8221;https:\/\/www.tandhusetkronan.se\/wp-content\/uploads\/2022\/12\/bettskena.png&#8221; background_enable_image=&#8221;on&#8221; hover_enabled=&#8221;0&#8243; sticky_enabled=&#8221;0&#8243;][\/et_pb_slide][\/et_pb_fullwidth_slider][\/et_pb_section][et_pb_section fb_built=&#8221;1&#8243; _builder_version=&#8221;4.19.2&#8243; _module_preset=&#8221;default&#8221; global_colors_info=&#8221;{}&#8221; custom_margin=&#8221;-165px|||||&#8221;][et_pb_row _builder_version=&#8221;4.19.2&#8243; _module_preset=&#8221;default&#8221; global_colors_info=&#8221;{}&#8221;][et_pb_column type=&#8221;4_4&#8243; _builder_version=&#8221;4.19.2&#8243; _module_preset=&#8221;default&#8221; global_colors_info=&#8221;{}&#8221;][et_pb_text _builder_version=&#8221;4.19.2&#8243; _module_preset=&#8221;default&#8221; custom_padding=&#8221;2px||39px|||&#8221; global_colors_info=&#8221;{}&#8221;]<p><strong>S\u00f6mnapne skena:<\/strong> Obstruktiv s\u00f6mnapne betyder att du f\u00e5r korta upprepade andningsuppeh\u00e5ll under s\u00f6mnen. Det som h\u00e4nder \u00e4r att tungan \u00e5ker bak\u00e5t i svalget. Man kan behandla detta med hj\u00e4lp av en apneskena som h\u00e5ller underk\u00e4ken fram\u00e5t n\u00e4r man sover. Detta g\u00f6rs att luftv\u00e4gen h\u00e5lls \u00f6ppen och apneerna minskar. Vi g\u00f6r utredning, skannar sedan dina t\u00e4nder och best\u00e4ller sedan skenan. Vi samarbetar med lokalt labb i lule\u00e5.\u00a0<\/p>\n<p><strong>Bettskena:<\/strong> 10% av befolkningen har problem med k\u00e4kleder\/k\u00e4kmuskelatur. Det \u00e4r vanligt att pressa dina t\u00e4nder. Vi g\u00f6r utredning och behandlar dina problem fr\u00e5n k\u00e4klederna och k\u00e4kmuskelatur. Behandlingen kan se olika ut, ibland behandlas du med l\u00e4kemedel, r\u00f6relsetr\u00e4ning eller bettskena och ibland beh\u00f6vs en kombination av dessa. Om du beh\u00f6ver bettskena s\u00e5 skannar vi dina t\u00e4nder och best\u00e4ller skenan fr\u00e5n lokalt labb i Lule\u00e5.\u00a0<\/p>\n<p><strong>Tandskydd(idrott):<\/strong> Vi g\u00f6r avtryck av dina t\u00e4nder och g\u00f6r tandskydd som du kan anv\u00e4nda vid idrott f\u00f6r att skydda dina t\u00e4nder.<\/p>\n<p>&nbsp;<\/p>\n<p>&nbsp;<\/p>[\/et_pb_text][\/et_pb_column][\/et_pb_row][\/et_pb_section]\n","protected":false},"excerpt":{"rendered":"<p>S\u00f6mnapne skena: Obstruktiv s\u00f6mnapne betyder att du f\u00e5r korta upprepade andningsuppeh\u00e5ll under s\u00f6mnen. Det som h\u00e4nder \u00e4r att tungan \u00e5ker bak\u00e5t i svalget. Man kan behandla detta med hj\u00e4lp av en apneskena som h\u00e5ller underk\u00e4ken fram\u00e5t n\u00e4r man sover. Detta g\u00f6rs att luftv\u00e4gen h\u00e5lls \u00f6ppen och apneerna minskar. Vi g\u00f6r utredning, skannar sedan dina t\u00e4nder [&hellip;]<\/p>\n","protected":false},"author":1,"featured_media":0,"parent":0,"menu_order":0,"comment_status":"closed","ping_status":"closed","template":"","meta":{"_et_pb_use_builder":"on","_et_pb_old_content":"","_et_gb_content_width":"","footnotes":""},"class_list":["post-160","page","type-page","status-publish","hentry"],"yoast_head":"<!-- This site is optimized with the Yoast SEO plugin v26.5 - https:\/\/yoast.com\/wordpress\/plugins\/seo\/ -->\n<title>Skenor - Tandhuset kronan<\/title>\n<meta name=\"robots\" content=\"index, follow, max-snippet:-1, max-image-preview:large, max-video-preview:-1\" \/>\n<link rel=\"canonical\" href=\"https:\/\/www.tandhusetkronan.se\/?page_id=160\" \/>\n<meta property=\"og:locale\" content=\"sv_SE\" \/>\n<meta property=\"og:type\" content=\"article\" \/>\n<meta property=\"og:title\" content=\"Skenor - Tandhuset kronan\" \/>\n<meta property=\"og:description\" content=\"S\u00f6mnapne skena: Obstruktiv s\u00f6mnapne betyder att du f\u00e5r korta upprepade andningsuppeh\u00e5ll under s\u00f6mnen. Det som h\u00e4nder \u00e4r att tungan \u00e5ker bak\u00e5t i svalget. Man kan behandla detta med hj\u00e4lp av en apneskena som h\u00e5ller underk\u00e4ken fram\u00e5t n\u00e4r man sover. Detta g\u00f6rs att luftv\u00e4gen h\u00e5lls \u00f6ppen och apneerna minskar. Vi g\u00f6r utredning, skannar sedan dina t\u00e4nder [&hellip;]\" \/>\n<meta property=\"og:url\" content=\"https:\/\/www.tandhusetkronan.se\/?page_id=160\" \/>\n<meta property=\"og:site_name\" content=\"Tandhuset kronan\" \/>\n<meta property=\"article:publisher\" content=\"https:\/\/m.facebook.com\/100063870930434\/\" \/>\n<meta property=\"article:modified_time\" content=\"2022-12-13T20:00:44+00:00\" \/>\n<meta name=\"twitter:card\" content=\"summary_large_image\" \/>\n<meta name=\"twitter:label1\" content=\"Ber\u00e4knad l\u00e4stid\" \/>\n\t<meta name=\"twitter:data1\" content=\"1 minut\" \/>\n<script type=\"application\/ld+json\" class=\"yoast-schema-graph\">{\"@context\":\"https:\/\/schema.org\",\"@graph\":[{\"@type\":\"WebPage\",\"@id\":\"https:\/\/www.tandhusetkronan.se\/?page_id=160\",\"url\":\"https:\/\/www.tandhusetkronan.se\/?page_id=160\",\"name\":\"Skenor - Tandhuset kronan\",\"isPartOf\":{\"@id\":\"https:\/\/www.tandhusetkronan.se\/#website\"},\"datePublished\":\"2022-12-03T20:28:55+00:00\",\"dateModified\":\"2022-12-13T20:00:44+00:00\",\"breadcrumb\":{\"@id\":\"https:\/\/www.tandhusetkronan.se\/?page_id=160#breadcrumb\"},\"inLanguage\":\"sv-SE\",\"potentialAction\":[{\"@type\":\"ReadAction\",\"target\":[\"https:\/\/www.tandhusetkronan.se\/?page_id=160\"]}]},{\"@type\":\"BreadcrumbList\",\"@id\":\"https:\/\/www.tandhusetkronan.se\/?page_id=160#breadcrumb\",\"itemListElement\":[{\"@type\":\"ListItem\",\"position\":1,\"name\":\"Hem\",\"item\":\"https:\/\/www.tandhusetkronan.se\/\"},{\"@type\":\"ListItem\",\"position\":2,\"name\":\"Skenor\"}]},{\"@type\":\"WebSite\",\"@id\":\"https:\/\/www.tandhusetkronan.se\/#website\",\"url\":\"https:\/\/www.tandhusetkronan.se\/\",\"name\":\"Tandhuset kronan\",\"description\":\"\",\"publisher\":{\"@id\":\"https:\/\/www.tandhusetkronan.se\/#organization\"},\"potentialAction\":[{\"@type\":\"SearchAction\",\"target\":{\"@type\":\"EntryPoint\",\"urlTemplate\":\"https:\/\/www.tandhusetkronan.se\/?s={search_term_string}\"},\"query-input\":{\"@type\":\"PropertyValueSpecification\",\"valueRequired\":true,\"valueName\":\"search_term_string\"}}],\"inLanguage\":\"sv-SE\"},{\"@type\":\"Organization\",\"@id\":\"https:\/\/www.tandhusetkronan.se\/#organization\",\"name\":\"Tandhuset kronan\",\"url\":\"https:\/\/www.tandhusetkronan.se\/\",\"logo\":{\"@type\":\"ImageObject\",\"inLanguage\":\"sv-SE\",\"@id\":\"https:\/\/www.tandhusetkronan.se\/#\/schema\/logo\/image\/\",\"url\":\"https:\/\/www.tandhusetkronan.se\/wp-content\/uploads\/2022\/12\/Logga.png\",\"contentUrl\":\"https:\/\/www.tandhusetkronan.se\/wp-content\/uploads\/2022\/12\/Logga.png\",\"width\":445,\"height\":96,\"caption\":\"Tandhuset kronan\"},\"image\":{\"@id\":\"https:\/\/www.tandhusetkronan.se\/#\/schema\/logo\/image\/\"},\"sameAs\":[\"https:\/\/m.facebook.com\/100063870930434\/\"]}]}<\/script>\n<!-- \/ Yoast SEO plugin. -->","yoast_head_json":{"title":"Skenor - Tandhuset kronan","robots":{"index":"index","follow":"follow","max-snippet":"max-snippet:-1","max-image-preview":"max-image-preview:large","max-video-preview":"max-video-preview:-1"},"canonical":"https:\/\/www.tandhusetkronan.se\/?page_id=160","og_locale":"sv_SE","og_type":"article","og_title":"Skenor - Tandhuset kronan","og_description":"S\u00f6mnapne skena: Obstruktiv s\u00f6mnapne betyder att du f\u00e5r korta upprepade andningsuppeh\u00e5ll under s\u00f6mnen. Det som h\u00e4nder \u00e4r att tungan \u00e5ker bak\u00e5t i svalget. Man kan behandla detta med hj\u00e4lp av en apneskena som h\u00e5ller underk\u00e4ken fram\u00e5t n\u00e4r man sover. Detta g\u00f6rs att luftv\u00e4gen h\u00e5lls \u00f6ppen och apneerna minskar. Vi g\u00f6r utredning, skannar sedan dina t\u00e4nder [&hellip;]","og_url":"https:\/\/www.tandhusetkronan.se\/?page_id=160","og_site_name":"Tandhuset kronan","article_publisher":"https:\/\/m.facebook.com\/100063870930434\/","article_modified_time":"2022-12-13T20:00:44+00:00","twitter_card":"summary_large_image","twitter_misc":{"Ber\u00e4knad l\u00e4stid":"1 minut"},"schema":{"@context":"https:\/\/schema.org","@graph":[{"@type":"WebPage","@id":"https:\/\/www.tandhusetkronan.se\/?page_id=160","url":"https:\/\/www.tandhusetkronan.se\/?page_id=160","name":"Skenor - Tandhuset kronan","isPartOf":{"@id":"https:\/\/www.tandhusetkronan.se\/#website"},"datePublished":"2022-12-03T20:28:55+00:00","dateModified":"2022-12-13T20:00:44+00:00","breadcrumb":{"@id":"https:\/\/www.tandhusetkronan.se\/?page_id=160#breadcrumb"},"inLanguage":"sv-SE","potentialAction":[{"@type":"ReadAction","target":["https:\/\/www.tandhusetkronan.se\/?page_id=160"]}]},{"@type":"BreadcrumbList","@id":"https:\/\/www.tandhusetkronan.se\/?page_id=160#breadcrumb","itemListElement":[{"@type":"ListItem","position":1,"name":"Hem","item":"https:\/\/www.tandhusetkronan.se\/"},{"@type":"ListItem","position":2,"name":"Skenor"}]},{"@type":"WebSite","@id":"https:\/\/www.tandhusetkronan.se\/#website","url":"https:\/\/www.tandhusetkronan.se\/","name":"Tandhuset kronan","description":"","publisher":{"@id":"https:\/\/www.tandhusetkronan.se\/#organization"},"potentialAction":[{"@type":"SearchAction","target":{"@type":"EntryPoint","urlTemplate":"https:\/\/www.tandhusetkronan.se\/?s={search_term_string}"},"query-input":{"@type":"PropertyValueSpecification","valueRequired":true,"valueName":"search_term_string"}}],"inLanguage":"sv-SE"},{"@type":"Organization","@id":"https:\/\/www.tandhusetkronan.se\/#organization","name":"Tandhuset kronan","url":"https:\/\/www.tandhusetkronan.se\/","logo":{"@type":"ImageObject","inLanguage":"sv-SE","@id":"https:\/\/www.tandhusetkronan.se\/#\/schema\/logo\/image\/","url":"https:\/\/www.tandhusetkronan.se\/wp-content\/uploads\/2022\/12\/Logga.png","contentUrl":"https:\/\/www.tandhusetkronan.se\/wp-content\/uploads\/2022\/12\/Logga.png","width":445,"height":96,"caption":"Tandhuset kronan"},"image":{"@id":"https:\/\/www.tandhusetkronan.se\/#\/schema\/logo\/image\/"},"sameAs":["https:\/\/m.facebook.com\/100063870930434\/"]}]}},"_links":{"self":[{"href":"https:\/\/www.tandhusetkronan.se\/index.php?rest_route=\/wp\/v2\/pages\/160","targetHints":{"allow":["GET"]}}],"collection":[{"href":"https:\/\/www.tandhusetkronan.se\/index.php?rest_route=\/wp\/v2\/pages"}],"about":[{"href":"https:\/\/www.tandhusetkronan.se\/index.php?rest_route=\/wp\/v2\/types\/page"}],"author":[{"embeddable":true,"href":"https:\/\/www.tandhusetkronan.se\/index.php?rest_route=\/wp\/v2\/users\/1"}],"replies":[{"embeddable":true,"href":"https:\/\/www.tandhusetkronan.se\/index.php?rest_route=%2Fwp%2Fv2%2Fcomments&post=160"}],"version-history":[{"count":6,"href":"https:\/\/www.tandhusetkronan.se\/index.php?rest_route=\/wp\/v2\/pages\/160\/revisions"}],"predecessor-version":[{"id":298,"href":"https:\/\/www.tandhusetkronan.se\/index.php?rest_route=\/wp\/v2\/pages\/160\/revisions\/298"}],"wp:attachment":[{"href":"https:\/\/www.tandhusetkronan.se\/index.php?rest_route=%2Fwp%2Fv2%2Fmedia&parent=160"}],"curies":[{"name":"wp","href":"https:\/\/api.w.org\/{rel}","templated":true}]}}