{"id":162,"date":"2022-12-03T21:29:51","date_gmt":"2022-12-03T20:29:51","guid":{"rendered":"https:\/\/sara.a.vaia.cloud\/?page_id=162"},"modified":"2022-12-14T09:25:55","modified_gmt":"2022-12-14T08:25:55","slug":"krona-bro-protes","status":"publish","type":"page","link":"https:\/\/www.tandhusetkronan.se\/?page_id=162","title":{"rendered":"Krona\/Bro\/Protes"},"content":{"rendered":"<p>[et_pb_section fb_built=&#8221;1&#8243; fullwidth=&#8221;on&#8221; _builder_version=&#8221;4.19.2&#8243; _module_preset=&#8221;default&#8221; background_enable_image=&#8221;off&#8221; background_position=&#8221;center_left&#8221; custom_margin=&#8221;||-86px|||&#8221; custom_padding=&#8221;||0px|||&#8221; hover_enabled=&#8221;0&#8243; global_colors_info=&#8221;{}&#8221; sticky_enabled=&#8221;0&#8243;][et_pb_fullwidth_slider _builder_version=&#8221;4.19.2&#8243; _module_preset=&#8221;default&#8221; custom_margin=&#8221;||84px|||&#8221; global_colors_info=&#8221;{}&#8221; custom_padding=&#8221;164px|||||&#8221;][et_pb_slide _builder_version=&#8221;4.19.2&#8243; _module_preset=&#8221;default&#8221; background_image=&#8221;https:\/\/www.tandhusetkronan.se\/wp-content\/uploads\/2022\/12\/krona.png&#8221; background_enable_image=&#8221;on&#8221; global_colors_info=&#8221;{}&#8221; sticky_transition=&#8221;on&#8221;][\/et_pb_slide][\/et_pb_fullwidth_slider][\/et_pb_section][et_pb_section fb_built=&#8221;1&#8243; _builder_version=&#8221;4.19.2&#8243; _module_preset=&#8221;default&#8221; min_height=&#8221;646.3px&#8221; custom_margin=&#8221;-35px|||||&#8221; global_colors_info=&#8221;{}&#8221;][et_pb_row column_structure=&#8221;1_2,1_2&#8243; _builder_version=&#8221;4.19.2&#8243; _module_preset=&#8221;default&#8221; min_height=&#8221;358.6px&#8221; custom_margin=&#8221;-14px|auto||auto||&#8221; global_colors_info=&#8221;{}&#8221;][et_pb_column type=&#8221;1_2&#8243; _builder_version=&#8221;4.19.2&#8243; _module_preset=&#8221;default&#8221; global_colors_info=&#8221;{}&#8221;][et_pb_image src=&#8221;https:\/\/sara.a.vaia.cloud\/wp-content\/uploads\/2022\/12\/krona.png&#8221; title_text=&#8221;krona&#8221; _builder_version=&#8221;4.19.2&#8243; _module_preset=&#8221;default&#8221; global_colors_info=&#8221;{}&#8221;][\/et_pb_image][\/et_pb_column][et_pb_column type=&#8221;1_2&#8243; _builder_version=&#8221;4.19.2&#8243; _module_preset=&#8221;default&#8221; global_colors_info=&#8221;{}&#8221;][et_pb_text _builder_version=&#8221;4.19.2&#8243; _module_preset=&#8221;default&#8221; global_colors_info=&#8221;{}&#8221;]<\/p>\n<p><strong>En krona<\/strong> anv\u00e4nds n\u00e4r det \u00e4r borta mycket av din egna tand. Vi formar om din tand, skannar dina t\u00e4nder och best\u00e4ller en krona fr\u00e5n ett lokalt labb i lule\u00e5 eller pite\u00e5. D\u00e5 \u00e5terst\u00e4ller man tandens form. Vi l\u00e4mnar 3 \u00e5rs garanti p\u00e5 din krona.<\/p>\n<p>[\/et_pb_text][\/et_pb_column][\/et_pb_row][et_pb_row column_structure=&#8221;1_2,1_2&#8243; _builder_version=&#8221;4.19.2&#8243; _module_preset=&#8221;default&#8221; global_colors_info=&#8221;{}&#8221;][et_pb_column type=&#8221;1_2&#8243; _builder_version=&#8221;4.19.2&#8243; _module_preset=&#8221;default&#8221; global_colors_info=&#8221;{}&#8221;][et_pb_image src=&#8221;https:\/\/sara.a.vaia.cloud\/wp-content\/uploads\/2022\/12\/tandbro.png&#8221; title_text=&#8221;tandbro&#8221; _builder_version=&#8221;4.19.2&#8243; _module_preset=&#8221;default&#8221; global_colors_info=&#8221;{}&#8221;][\/et_pb_image][\/et_pb_column][et_pb_column type=&#8221;1_2&#8243; _builder_version=&#8221;4.19.2&#8243; _module_preset=&#8221;default&#8221; global_colors_info=&#8221;{}&#8221;][et_pb_text _builder_version=&#8221;4.19.2&#8243; _module_preset=&#8221;default&#8221; global_colors_info=&#8221;{}&#8221;]<\/p>\n<p><strong>En bro<\/strong> anv\u00e4nds f\u00f6r att ers\u00e4tta en saknad tand. Vi formar om t\u00e4nderna brevid tandluckan, skannar dina t\u00e4nder och best\u00e4ller din bro fr\u00e5n lokalt labb i lule\u00e5 eller pite\u00e5.\u00a0 Vi l\u00e4mnar 3 \u00e5rs garanti p\u00e5 din bro.<\/p>\n<p>[\/et_pb_text][\/et_pb_column][\/et_pb_row][et_pb_row _builder_version=&#8221;4.19.2&#8243; _module_preset=&#8221;default&#8221; global_colors_info=&#8221;{}&#8221;][et_pb_column type=&#8221;4_4&#8243; _builder_version=&#8221;4.19.2&#8243; _module_preset=&#8221;default&#8221; global_colors_info=&#8221;{}&#8221;][et_pb_text _builder_version=&#8221;4.19.2&#8243; _module_preset=&#8221;default&#8221; global_colors_info=&#8221;{}&#8221;]<\/p>\n<p><strong>Protes:<\/strong> Man kan ocks\u00e5 ers\u00e4tta saknade t\u00e4nder med en avtagbar tandprotes. Man kan ers\u00e4tta n\u00e5gra eller alla t\u00e4nderna. Det kan vara ett alternativ n\u00e4r inte implantat eller bro \u00e4r ett alternativ. Det kan vara sv\u00e5rt att v\u00e4nja sig vid en protes. Vi l\u00e4mnar ett \u00e5rs garanti p\u00e5 din tandprotes.<\/p>\n<p>[\/et_pb_text][\/et_pb_column][\/et_pb_row][\/et_pb_section]<\/p>\n","protected":false},"excerpt":{"rendered":"<p>En krona anv\u00e4nds n\u00e4r det \u00e4r borta mycket av din egna tand. Vi formar om din tand, skannar dina t\u00e4nder och best\u00e4ller en krona fr\u00e5n ett lokalt labb i lule\u00e5 eller pite\u00e5. D\u00e5 \u00e5terst\u00e4ller man tandens form. Vi l\u00e4mnar 3 \u00e5rs garanti p\u00e5 din krona.En bro anv\u00e4nds f\u00f6r att ers\u00e4tta en saknad tand. Vi formar [&hellip;]<\/p>\n","protected":false},"author":1,"featured_media":0,"parent":0,"menu_order":0,"comment_status":"closed","ping_status":"closed","template":"","meta":{"_et_pb_use_builder":"on","_et_pb_old_content":"","_et_gb_content_width":"","footnotes":""},"class_list":["post-162","page","type-page","status-publish","hentry"],"yoast_head":"<!-- This site is optimized with the Yoast SEO plugin v26.5 - https:\/\/yoast.com\/wordpress\/plugins\/seo\/ -->\n<title>Krona\/Bro\/Protes - Tandhuset kronan<\/title>\n<meta name=\"robots\" content=\"index, follow, max-snippet:-1, max-image-preview:large, max-video-preview:-1\" \/>\n<link rel=\"canonical\" href=\"https:\/\/www.tandhusetkronan.se\/?page_id=162\" \/>\n<meta property=\"og:locale\" content=\"sv_SE\" \/>\n<meta property=\"og:type\" content=\"article\" \/>\n<meta property=\"og:title\" content=\"Krona\/Bro\/Protes - Tandhuset kronan\" \/>\n<meta property=\"og:description\" content=\"En krona anv\u00e4nds n\u00e4r det \u00e4r borta mycket av din egna tand. Vi formar om din tand, skannar dina t\u00e4nder och best\u00e4ller en krona fr\u00e5n ett lokalt labb i lule\u00e5 eller pite\u00e5. D\u00e5 \u00e5terst\u00e4ller man tandens form. Vi l\u00e4mnar 3 \u00e5rs garanti p\u00e5 din krona.En bro anv\u00e4nds f\u00f6r att ers\u00e4tta en saknad tand. Vi formar [&hellip;]\" \/>\n<meta property=\"og:url\" content=\"https:\/\/www.tandhusetkronan.se\/?page_id=162\" \/>\n<meta property=\"og:site_name\" content=\"Tandhuset kronan\" \/>\n<meta property=\"article:publisher\" content=\"https:\/\/m.facebook.com\/100063870930434\/\" \/>\n<meta property=\"article:modified_time\" content=\"2022-12-14T08:25:55+00:00\" \/>\n<meta name=\"twitter:card\" content=\"summary_large_image\" \/>\n<meta name=\"twitter:label1\" content=\"Ber\u00e4knad l\u00e4stid\" \/>\n\t<meta name=\"twitter:data1\" content=\"2 minuter\" \/>\n<script type=\"application\/ld+json\" class=\"yoast-schema-graph\">{\"@context\":\"https:\/\/schema.org\",\"@graph\":[{\"@type\":\"WebPage\",\"@id\":\"https:\/\/www.tandhusetkronan.se\/?page_id=162\",\"url\":\"https:\/\/www.tandhusetkronan.se\/?page_id=162\",\"name\":\"Krona\/Bro\/Protes - Tandhuset kronan\",\"isPartOf\":{\"@id\":\"https:\/\/www.tandhusetkronan.se\/#website\"},\"datePublished\":\"2022-12-03T20:29:51+00:00\",\"dateModified\":\"2022-12-14T08:25:55+00:00\",\"breadcrumb\":{\"@id\":\"https:\/\/www.tandhusetkronan.se\/?page_id=162#breadcrumb\"},\"inLanguage\":\"sv-SE\",\"potentialAction\":[{\"@type\":\"ReadAction\",\"target\":[\"https:\/\/www.tandhusetkronan.se\/?page_id=162\"]}]},{\"@type\":\"BreadcrumbList\",\"@id\":\"https:\/\/www.tandhusetkronan.se\/?page_id=162#breadcrumb\",\"itemListElement\":[{\"@type\":\"ListItem\",\"position\":1,\"name\":\"Hem\",\"item\":\"https:\/\/www.tandhusetkronan.se\/\"},{\"@type\":\"ListItem\",\"position\":2,\"name\":\"Krona\/Bro\/Protes\"}]},{\"@type\":\"WebSite\",\"@id\":\"https:\/\/www.tandhusetkronan.se\/#website\",\"url\":\"https:\/\/www.tandhusetkronan.se\/\",\"name\":\"Tandhuset kronan\",\"description\":\"\",\"publisher\":{\"@id\":\"https:\/\/www.tandhusetkronan.se\/#organization\"},\"potentialAction\":[{\"@type\":\"SearchAction\",\"target\":{\"@type\":\"EntryPoint\",\"urlTemplate\":\"https:\/\/www.tandhusetkronan.se\/?s={search_term_string}\"},\"query-input\":{\"@type\":\"PropertyValueSpecification\",\"valueRequired\":true,\"valueName\":\"search_term_string\"}}],\"inLanguage\":\"sv-SE\"},{\"@type\":\"Organization\",\"@id\":\"https:\/\/www.tandhusetkronan.se\/#organization\",\"name\":\"Tandhuset kronan\",\"url\":\"https:\/\/www.tandhusetkronan.se\/\",\"logo\":{\"@type\":\"ImageObject\",\"inLanguage\":\"sv-SE\",\"@id\":\"https:\/\/www.tandhusetkronan.se\/#\/schema\/logo\/image\/\",\"url\":\"https:\/\/www.tandhusetkronan.se\/wp-content\/uploads\/2022\/12\/Logga.png\",\"contentUrl\":\"https:\/\/www.tandhusetkronan.se\/wp-content\/uploads\/2022\/12\/Logga.png\",\"width\":445,\"height\":96,\"caption\":\"Tandhuset kronan\"},\"image\":{\"@id\":\"https:\/\/www.tandhusetkronan.se\/#\/schema\/logo\/image\/\"},\"sameAs\":[\"https:\/\/m.facebook.com\/100063870930434\/\"]}]}<\/script>\n<!-- \/ Yoast SEO plugin. -->","yoast_head_json":{"title":"Krona\/Bro\/Protes - Tandhuset kronan","robots":{"index":"index","follow":"follow","max-snippet":"max-snippet:-1","max-image-preview":"max-image-preview:large","max-video-preview":"max-video-preview:-1"},"canonical":"https:\/\/www.tandhusetkronan.se\/?page_id=162","og_locale":"sv_SE","og_type":"article","og_title":"Krona\/Bro\/Protes - Tandhuset kronan","og_description":"En krona anv\u00e4nds n\u00e4r det \u00e4r borta mycket av din egna tand. Vi formar om din tand, skannar dina t\u00e4nder och best\u00e4ller en krona fr\u00e5n ett lokalt labb i lule\u00e5 eller pite\u00e5. D\u00e5 \u00e5terst\u00e4ller man tandens form. Vi l\u00e4mnar 3 \u00e5rs garanti p\u00e5 din krona.En bro anv\u00e4nds f\u00f6r att ers\u00e4tta en saknad tand. Vi formar [&hellip;]","og_url":"https:\/\/www.tandhusetkronan.se\/?page_id=162","og_site_name":"Tandhuset kronan","article_publisher":"https:\/\/m.facebook.com\/100063870930434\/","article_modified_time":"2022-12-14T08:25:55+00:00","twitter_card":"summary_large_image","twitter_misc":{"Ber\u00e4knad l\u00e4stid":"2 minuter"},"schema":{"@context":"https:\/\/schema.org","@graph":[{"@type":"WebPage","@id":"https:\/\/www.tandhusetkronan.se\/?page_id=162","url":"https:\/\/www.tandhusetkronan.se\/?page_id=162","name":"Krona\/Bro\/Protes - Tandhuset kronan","isPartOf":{"@id":"https:\/\/www.tandhusetkronan.se\/#website"},"datePublished":"2022-12-03T20:29:51+00:00","dateModified":"2022-12-14T08:25:55+00:00","breadcrumb":{"@id":"https:\/\/www.tandhusetkronan.se\/?page_id=162#breadcrumb"},"inLanguage":"sv-SE","potentialAction":[{"@type":"ReadAction","target":["https:\/\/www.tandhusetkronan.se\/?page_id=162"]}]},{"@type":"BreadcrumbList","@id":"https:\/\/www.tandhusetkronan.se\/?page_id=162#breadcrumb","itemListElement":[{"@type":"ListItem","position":1,"name":"Hem","item":"https:\/\/www.tandhusetkronan.se\/"},{"@type":"ListItem","position":2,"name":"Krona\/Bro\/Protes"}]},{"@type":"WebSite","@id":"https:\/\/www.tandhusetkronan.se\/#website","url":"https:\/\/www.tandhusetkronan.se\/","name":"Tandhuset kronan","description":"","publisher":{"@id":"https:\/\/www.tandhusetkronan.se\/#organization"},"potentialAction":[{"@type":"SearchAction","target":{"@type":"EntryPoint","urlTemplate":"https:\/\/www.tandhusetkronan.se\/?s={search_term_string}"},"query-input":{"@type":"PropertyValueSpecification","valueRequired":true,"valueName":"search_term_string"}}],"inLanguage":"sv-SE"},{"@type":"Organization","@id":"https:\/\/www.tandhusetkronan.se\/#organization","name":"Tandhuset kronan","url":"https:\/\/www.tandhusetkronan.se\/","logo":{"@type":"ImageObject","inLanguage":"sv-SE","@id":"https:\/\/www.tandhusetkronan.se\/#\/schema\/logo\/image\/","url":"https:\/\/www.tandhusetkronan.se\/wp-content\/uploads\/2022\/12\/Logga.png","contentUrl":"https:\/\/www.tandhusetkronan.se\/wp-content\/uploads\/2022\/12\/Logga.png","width":445,"height":96,"caption":"Tandhuset kronan"},"image":{"@id":"https:\/\/www.tandhusetkronan.se\/#\/schema\/logo\/image\/"},"sameAs":["https:\/\/m.facebook.com\/100063870930434\/"]}]}},"_links":{"self":[{"href":"https:\/\/www.tandhusetkronan.se\/index.php?rest_route=\/wp\/v2\/pages\/162","targetHints":{"allow":["GET"]}}],"collection":[{"href":"https:\/\/www.tandhusetkronan.se\/index.php?rest_route=\/wp\/v2\/pages"}],"about":[{"href":"https:\/\/www.tandhusetkronan.se\/index.php?rest_route=\/wp\/v2\/types\/page"}],"author":[{"embeddable":true,"href":"https:\/\/www.tandhusetkronan.se\/index.php?rest_route=\/wp\/v2\/users\/1"}],"replies":[{"embeddable":true,"href":"https:\/\/www.tandhusetkronan.se\/index.php?rest_route=%2Fwp%2Fv2%2Fcomments&post=162"}],"version-history":[{"count":9,"href":"https:\/\/www.tandhusetkronan.se\/index.php?rest_route=\/wp\/v2\/pages\/162\/revisions"}],"predecessor-version":[{"id":313,"href":"https:\/\/www.tandhusetkronan.se\/index.php?rest_route=\/wp\/v2\/pages\/162\/revisions\/313"}],"wp:attachment":[{"href":"https:\/\/www.tandhusetkronan.se\/index.php?rest_route=%2Fwp%2Fv2%2Fmedia&parent=162"}],"curies":[{"name":"wp","href":"https:\/\/api.w.org\/{rel}","templated":true}]}}