{"id":26,"date":"2022-12-01T15:57:56","date_gmt":"2022-12-01T14:57:56","guid":{"rendered":"https:\/\/sara.a.vaia.cloud\/?page_id=26"},"modified":"2026-01-16T09:37:41","modified_gmt":"2026-01-16T08:37:41","slug":"kontakta-oss","status":"publish","type":"page","link":"https:\/\/www.tandhusetkronan.se\/?page_id=26","title":{"rendered":"Kontakta oss"},"content":{"rendered":"<p>[et_pb_section fb_built=&#8221;1&#8243; admin_label=&#8221;section&#8221; _builder_version=&#8221;4.16&#8243; global_colors_info=&#8221;{}&#8221;][et_pb_row admin_label=&#8221;row&#8221; _builder_version=&#8221;4.16&#8243; background_size=&#8221;initial&#8221; background_position=&#8221;top_left&#8221; background_repeat=&#8221;repeat&#8221; global_colors_info=&#8221;{}&#8221;][et_pb_column type=&#8221;4_4&#8243; _builder_version=&#8221;4.16&#8243; custom_padding=&#8221;|||&#8221; global_colors_info=&#8221;{}&#8221; custom_padding__hover=&#8221;|||&#8221;][et_pb_text _builder_version=&#8221;4.19.2&#8243; _module_preset=&#8221;default&#8221; hover_enabled=&#8221;0&#8243; sticky_enabled=&#8221;0&#8243;]<\/p>\n<p>Maila oss p\u00e5 <a href=\"mailto:info@tandhusetkronan.se\">info@tandhusetkronan.se\u00a0<\/a>Det g\u00e5r bra att maila oss dygnet runt. Du kan ocks\u00e5 ringa oss p\u00e5 0929-10400 under v\u00e5ra telefontider som finns l\u00e4ngre ner p\u00e5 denna sida.\u00a0<\/p>\n<p>&nbsp;<\/p>\n<p>[\/et_pb_text][\/et_pb_column][\/et_pb_row][\/et_pb_section][et_pb_section fb_built=&#8221;1&#8243; fullwidth=&#8221;on&#8221; _builder_version=&#8221;4.19.2&#8243; _module_preset=&#8221;default&#8221; global_colors_info=&#8221;{}&#8221;][et_pb_fullwidth_map address=&#8221;\u00c4lvsbyn, Sverige&#8221; zoom_level=&#8221;14&#8243; address_lat=&#8221;65.670589904326&#8243; address_lng=&#8221;21.012473416914&#8243; _builder_version=&#8221;4.19.2&#8243; _module_preset=&#8221;default&#8221; global_colors_info=&#8221;{}&#8221;][et_pb_map_pin title=&#8221;Tandhuset Kronan&#8221; pin_address=&#8221;Fluxenv\u00e4gen 16, 942 33 \u00c4lvsbyn, Sverige&#8221; pin_address_lat=&#8221;65.669026217279&#8243; pin_address_lng=&#8221;21.013953427275&#8243; _builder_version=&#8221;4.19.2&#8243; _module_preset=&#8221;default&#8221; global_colors_info=&#8221;{}&#8221;][\/et_pb_map_pin][\/et_pb_fullwidth_map][\/et_pb_section]<\/p>\n","protected":false},"excerpt":{"rendered":"<p>Maila oss p\u00e5 info@tandhusetkronan.se\u00a0Det g\u00e5r bra att maila oss dygnet runt. Du kan ocks\u00e5 ringa oss p\u00e5 0929-10400 under v\u00e5ra telefontider som finns l\u00e4ngre ner p\u00e5 denna sida.\u00a0 &nbsp;<\/p>\n","protected":false},"author":1,"featured_media":0,"parent":0,"menu_order":0,"comment_status":"closed","ping_status":"closed","template":"","meta":{"_et_pb_use_builder":"on","_et_pb_old_content":"<!-- wp:shortcode -->\n[wpforms id=\"50\"]\n<!-- \/wp:shortcode -->","_et_gb_content_width":"","footnotes":""},"class_list":["post-26","page","type-page","status-publish","hentry"],"yoast_head":"<!-- This site is optimized with the Yoast SEO plugin v26.5 - https:\/\/yoast.com\/wordpress\/plugins\/seo\/ -->\n<title>Kontakta oss - Tandhuset kronan<\/title>\n<meta name=\"robots\" content=\"index, follow, max-snippet:-1, max-image-preview:large, max-video-preview:-1\" \/>\n<link rel=\"canonical\" href=\"https:\/\/www.tandhusetkronan.se\/?page_id=26\" \/>\n<meta property=\"og:locale\" content=\"sv_SE\" \/>\n<meta property=\"og:type\" content=\"article\" \/>\n<meta property=\"og:title\" content=\"Kontakta oss - Tandhuset kronan\" \/>\n<meta property=\"og:description\" content=\"Maila oss p\u00e5 info@tandhusetkronan.se\u00a0Det g\u00e5r bra att maila oss dygnet runt. Du kan ocks\u00e5 ringa oss p\u00e5 0929-10400 under v\u00e5ra telefontider som finns l\u00e4ngre ner p\u00e5 denna sida.\u00a0 &nbsp;\" \/>\n<meta property=\"og:url\" content=\"https:\/\/www.tandhusetkronan.se\/?page_id=26\" \/>\n<meta property=\"og:site_name\" content=\"Tandhuset kronan\" \/>\n<meta property=\"article:publisher\" content=\"https:\/\/m.facebook.com\/100063870930434\/\" \/>\n<meta property=\"article:modified_time\" content=\"2026-01-16T08:37:41+00:00\" \/>\n<meta name=\"twitter:card\" content=\"summary_large_image\" \/>\n<meta name=\"twitter:label1\" content=\"Ber\u00e4knad l\u00e4stid\" \/>\n\t<meta name=\"twitter:data1\" content=\"1 minut\" \/>\n<script type=\"application\/ld+json\" class=\"yoast-schema-graph\">{\"@context\":\"https:\/\/schema.org\",\"@graph\":[{\"@type\":\"WebPage\",\"@id\":\"https:\/\/www.tandhusetkronan.se\/?page_id=26\",\"url\":\"https:\/\/www.tandhusetkronan.se\/?page_id=26\",\"name\":\"Kontakta oss - Tandhuset kronan\",\"isPartOf\":{\"@id\":\"https:\/\/www.tandhusetkronan.se\/#website\"},\"datePublished\":\"2022-12-01T14:57:56+00:00\",\"dateModified\":\"2026-01-16T08:37:41+00:00\",\"breadcrumb\":{\"@id\":\"https:\/\/www.tandhusetkronan.se\/?page_id=26#breadcrumb\"},\"inLanguage\":\"sv-SE\",\"potentialAction\":[{\"@type\":\"ReadAction\",\"target\":[\"https:\/\/www.tandhusetkronan.se\/?page_id=26\"]}]},{\"@type\":\"BreadcrumbList\",\"@id\":\"https:\/\/www.tandhusetkronan.se\/?page_id=26#breadcrumb\",\"itemListElement\":[{\"@type\":\"ListItem\",\"position\":1,\"name\":\"Hem\",\"item\":\"https:\/\/www.tandhusetkronan.se\/\"},{\"@type\":\"ListItem\",\"position\":2,\"name\":\"Kontakta oss\"}]},{\"@type\":\"WebSite\",\"@id\":\"https:\/\/www.tandhusetkronan.se\/#website\",\"url\":\"https:\/\/www.tandhusetkronan.se\/\",\"name\":\"Tandhuset kronan\",\"description\":\"\",\"publisher\":{\"@id\":\"https:\/\/www.tandhusetkronan.se\/#organization\"},\"potentialAction\":[{\"@type\":\"SearchAction\",\"target\":{\"@type\":\"EntryPoint\",\"urlTemplate\":\"https:\/\/www.tandhusetkronan.se\/?s={search_term_string}\"},\"query-input\":{\"@type\":\"PropertyValueSpecification\",\"valueRequired\":true,\"valueName\":\"search_term_string\"}}],\"inLanguage\":\"sv-SE\"},{\"@type\":\"Organization\",\"@id\":\"https:\/\/www.tandhusetkronan.se\/#organization\",\"name\":\"Tandhuset kronan\",\"url\":\"https:\/\/www.tandhusetkronan.se\/\",\"logo\":{\"@type\":\"ImageObject\",\"inLanguage\":\"sv-SE\",\"@id\":\"https:\/\/www.tandhusetkronan.se\/#\/schema\/logo\/image\/\",\"url\":\"https:\/\/www.tandhusetkronan.se\/wp-content\/uploads\/2022\/12\/Logga.png\",\"contentUrl\":\"https:\/\/www.tandhusetkronan.se\/wp-content\/uploads\/2022\/12\/Logga.png\",\"width\":445,\"height\":96,\"caption\":\"Tandhuset kronan\"},\"image\":{\"@id\":\"https:\/\/www.tandhusetkronan.se\/#\/schema\/logo\/image\/\"},\"sameAs\":[\"https:\/\/m.facebook.com\/100063870930434\/\"]}]}<\/script>\n<!-- \/ Yoast SEO plugin. -->","yoast_head_json":{"title":"Kontakta oss - Tandhuset kronan","robots":{"index":"index","follow":"follow","max-snippet":"max-snippet:-1","max-image-preview":"max-image-preview:large","max-video-preview":"max-video-preview:-1"},"canonical":"https:\/\/www.tandhusetkronan.se\/?page_id=26","og_locale":"sv_SE","og_type":"article","og_title":"Kontakta oss - Tandhuset kronan","og_description":"Maila oss p\u00e5 info@tandhusetkronan.se\u00a0Det g\u00e5r bra att maila oss dygnet runt. Du kan ocks\u00e5 ringa oss p\u00e5 0929-10400 under v\u00e5ra telefontider som finns l\u00e4ngre ner p\u00e5 denna sida.\u00a0 &nbsp;","og_url":"https:\/\/www.tandhusetkronan.se\/?page_id=26","og_site_name":"Tandhuset kronan","article_publisher":"https:\/\/m.facebook.com\/100063870930434\/","article_modified_time":"2026-01-16T08:37:41+00:00","twitter_card":"summary_large_image","twitter_misc":{"Ber\u00e4knad l\u00e4stid":"1 minut"},"schema":{"@context":"https:\/\/schema.org","@graph":[{"@type":"WebPage","@id":"https:\/\/www.tandhusetkronan.se\/?page_id=26","url":"https:\/\/www.tandhusetkronan.se\/?page_id=26","name":"Kontakta oss - Tandhuset kronan","isPartOf":{"@id":"https:\/\/www.tandhusetkronan.se\/#website"},"datePublished":"2022-12-01T14:57:56+00:00","dateModified":"2026-01-16T08:37:41+00:00","breadcrumb":{"@id":"https:\/\/www.tandhusetkronan.se\/?page_id=26#breadcrumb"},"inLanguage":"sv-SE","potentialAction":[{"@type":"ReadAction","target":["https:\/\/www.tandhusetkronan.se\/?page_id=26"]}]},{"@type":"BreadcrumbList","@id":"https:\/\/www.tandhusetkronan.se\/?page_id=26#breadcrumb","itemListElement":[{"@type":"ListItem","position":1,"name":"Hem","item":"https:\/\/www.tandhusetkronan.se\/"},{"@type":"ListItem","position":2,"name":"Kontakta oss"}]},{"@type":"WebSite","@id":"https:\/\/www.tandhusetkronan.se\/#website","url":"https:\/\/www.tandhusetkronan.se\/","name":"Tandhuset kronan","description":"","publisher":{"@id":"https:\/\/www.tandhusetkronan.se\/#organization"},"potentialAction":[{"@type":"SearchAction","target":{"@type":"EntryPoint","urlTemplate":"https:\/\/www.tandhusetkronan.se\/?s={search_term_string}"},"query-input":{"@type":"PropertyValueSpecification","valueRequired":true,"valueName":"search_term_string"}}],"inLanguage":"sv-SE"},{"@type":"Organization","@id":"https:\/\/www.tandhusetkronan.se\/#organization","name":"Tandhuset kronan","url":"https:\/\/www.tandhusetkronan.se\/","logo":{"@type":"ImageObject","inLanguage":"sv-SE","@id":"https:\/\/www.tandhusetkronan.se\/#\/schema\/logo\/image\/","url":"https:\/\/www.tandhusetkronan.se\/wp-content\/uploads\/2022\/12\/Logga.png","contentUrl":"https:\/\/www.tandhusetkronan.se\/wp-content\/uploads\/2022\/12\/Logga.png","width":445,"height":96,"caption":"Tandhuset kronan"},"image":{"@id":"https:\/\/www.tandhusetkronan.se\/#\/schema\/logo\/image\/"},"sameAs":["https:\/\/m.facebook.com\/100063870930434\/"]}]}},"_links":{"self":[{"href":"https:\/\/www.tandhusetkronan.se\/index.php?rest_route=\/wp\/v2\/pages\/26","targetHints":{"allow":["GET"]}}],"collection":[{"href":"https:\/\/www.tandhusetkronan.se\/index.php?rest_route=\/wp\/v2\/pages"}],"about":[{"href":"https:\/\/www.tandhusetkronan.se\/index.php?rest_route=\/wp\/v2\/types\/page"}],"author":[{"embeddable":true,"href":"https:\/\/www.tandhusetkronan.se\/index.php?rest_route=\/wp\/v2\/users\/1"}],"replies":[{"embeddable":true,"href":"https:\/\/www.tandhusetkronan.se\/index.php?rest_route=%2Fwp%2Fv2%2Fcomments&post=26"}],"version-history":[{"count":13,"href":"https:\/\/www.tandhusetkronan.se\/index.php?rest_route=\/wp\/v2\/pages\/26\/revisions"}],"predecessor-version":[{"id":409,"href":"https:\/\/www.tandhusetkronan.se\/index.php?rest_route=\/wp\/v2\/pages\/26\/revisions\/409"}],"wp:attachment":[{"href":"https:\/\/www.tandhusetkronan.se\/index.php?rest_route=%2Fwp%2Fv2%2Fmedia&parent=26"}],"curies":[{"name":"wp","href":"https:\/\/api.w.org\/{rel}","templated":true}]}}