{"id":95,"date":"2022-12-01T20:28:18","date_gmt":"2022-12-01T19:28:18","guid":{"rendered":"https:\/\/sara.a.vaia.cloud\/?page_id=95"},"modified":"2026-04-16T16:20:21","modified_gmt":"2026-04-16T15:20:21","slug":"vara-priser","status":"publish","type":"page","link":"https:\/\/www.tandhusetkronan.se\/?page_id=95","title":{"rendered":"V\u00e5ra priser"},"content":{"rendered":"<p>[et_pb_section fb_built=&#8221;1&#8243; fullwidth=&#8221;on&#8221; _builder_version=&#8221;4.19.2&#8243; _module_preset=&#8221;default&#8221; global_colors_info=&#8221;{}&#8221;][et_pb_fullwidth_slider _builder_version=&#8221;4.19.2&#8243; _module_preset=&#8221;default&#8221; background_image=&#8221;https:\/\/www.tandhusetkronan.se\/wp-content\/uploads\/2022\/12\/spegel.jpg&#8221; global_colors_info=&#8221;{}&#8221;][et_pb_slide _builder_version=&#8221;4.19.2&#8243; _module_preset=&#8221;default&#8221; background_image=&#8221;https:\/\/www.tandhusetkronan.se\/wp-content\/uploads\/2022\/12\/spegel.jpg&#8221; background_enable_image=&#8221;on&#8221; global_colors_info=&#8221;{}&#8221; sticky_transition=&#8221;on&#8221;][\/et_pb_slide][\/et_pb_fullwidth_slider][\/et_pb_section][et_pb_section fb_built=&#8221;1&#8243; _builder_version=&#8221;4.19.2&#8243; _module_preset=&#8221;default&#8221; global_colors_info=&#8221;{}&#8221;][et_pb_row _builder_version=&#8221;4.19.2&#8243; _module_preset=&#8221;default&#8221; global_colors_info=&#8221;{}&#8221;][et_pb_column type=&#8221;4_4&#8243; _builder_version=&#8221;4.19.2&#8243; _module_preset=&#8221;default&#8221; global_colors_info=&#8221;{}&#8221;][et_pb_text _builder_version=&#8221;4.19.2&#8243; _module_preset=&#8221;default&#8221; custom_padding=&#8221;||0px|||&#8221; global_colors_info=&#8221;{}&#8221;]<\/p>\n<p><strong>H\u00f6gkostnadskydd: <\/strong>I Sverige har vi ett h\u00f6gkostnadsskydd f\u00f6r dig som har h\u00f6ga tandv\u00e5rdskostnader. Det betyder att du som patient betalar delar av din tandv\u00e5rd sj\u00e4lv och resterande del betalas av f\u00f6rs\u00e4kringskassan. Kostnader upp till 3000 kronor av referenspriset (en summa som staten best\u00e4mmer varje \u00e5r) f\u00e5r du som patient betala sj\u00e4lv.<\/p>\n<ul>\n<li>F\u00f6r kostnader 3001-15000 f\u00e5r du som patient 50% rabatt av referenspriset<\/li>\n<li>F\u00f6r kostnader 15001- f\u00e5r du s\u00e5, patient 85% rabatt av referenspriset.<\/li>\n<\/ul>\n<p><strong>Allm\u00e4nt tandv\u00e5rdsbidrag<\/strong><\/p>\n<p>Alla som \u00e4r bosatta i Sverige har r\u00e4tt till allm\u00e4nt tandv\u00e5rdsbidrag fr\u00e5n de \u00e5r de fyller 23. Bidraget betalas ut till tandl\u00e4karen eller tandhygienisten men bidraget tillh\u00f6r patienten. Man beh\u00f6ver inte fylla i n\u00e5gon blankett utan finns ett bidrag tillg\u00e4ngligt dras beloppet av vid bes\u00f6ket. Det belopp du har r\u00e4tt till kommer in 1 juli varje \u00e5r. Du kan spara det i tv\u00e5 \u00e5r innan det f\u00f6rfaller.<\/p>\n<p>Fr\u00e5n 1 juli 2018 g\u00e4ller dessa summor:<\/p>\n<p>Fr\u00e5n det \u00e5r du fyller 23 till och med \u00e5ret du fyller 29 \u00e4r bidraget 600kr<\/p>\n<p>Fr\u00e5n det \u00e5r du fyller 30 till och med \u00e5ret du fyller 64 \u00e4r bidraget 300kr<\/p>\n<p>Fr\u00e5n det \u00e5r du fyller 65 \u00e4r bidraget 600kr<\/p>\n<p><strong>S\u00e4rskilt tandv\u00e5rdbidrag<\/strong><\/p>\n<p>Nu kan du f\u00e5 upp till 1200 kr\/per \u00e5r i s\u00e4rskilt tandv\u00e5rdsbidrag om du har vissa kroniska sjukdomar. P\u00e5 <a href=\"https:\/\/www.forsakringskassan.se\"><span style=\"color: #8300e9;\">F\u00f6rs\u00e4kringskassans<\/span><span style=\"color: #8300e9;\">\u00a0<\/span><\/a>webbplats kan du l\u00e4sa mer om detta.\u00a0Du kan ocks\u00e5\u00a0ringa oss s\u00e5 ber\u00e4ttar vi mer.<\/p>\n<p><strong>Tandv\u00e5rd till sjukv\u00e5rdstaxa:<\/strong><\/p>\n<p>Vi \u00e4r anslutna till region Norrbotten och hos oss kan man f\u00e5 viss tandv\u00e5rd inom kategorierna N-tandv\u00e5rd, S-tandv\u00e5rd F-tandv\u00e5rd till sjukv\u00e5rdstaxa. Du beh\u00f6ver ett tandv\u00e5rdintyg som du kan f\u00e5 av din bist\u00e5ndshandl\u00e4ggare, sjuksk\u00f6terska, LSS-handl\u00e4ggare eller annan person som kan utf\u00e4rda tandv\u00e5rdsintyg. Detta intyg beh\u00f6ver du ha med till bes\u00f6ket hos oss och \u00e4ven eventuellt frikort.<\/p>\n<p><strong>Betalning<\/strong>:\u00a0 Hos oss kan du betala med swish, kort eller faktura. Det g\u00e5r bra att delbetala via v\u00e5r finansieringspartner paysmart. \u00c4r de fr\u00e5ga om din faktura hos paysmart s\u00e5 kan du n\u00e5 deras kundtj\u00e4nst<a href=\"https:\/\/www.payzmart.se\/kundtjanst\/\"> h\u00e4r.<\/a><\/p>\n<p>Du som patient m\u00e5ste avboka din tid senast 14 dagen f\u00f6re ditt bes\u00f6k. Detta g\u00f6r du via v\u00e5r mail: <a href=\"mailto:info@tandhusetkronan.se\"><span style=\"color: #000000;\">info@tandhusetkronan.se<\/span><\/a> eller via telefon. Uteblivande kostar 500kr och faktureringavgift tillkommer.<\/p>\n<p><strong>V\u00e5r prislista<\/strong><\/p>\n<p><a href=\"https:\/\/www.tandhusetkronan.se\/wp-content\/uploads\/2026\/04\/Utskrift-Prislista-2026-04-07.pdf\">Prislista 2026<\/a><strong><\/strong><\/p>\n<p><strong><\/strong><\/p>\n<p>&nbsp;<\/p>\n<p>[\/et_pb_text][\/et_pb_column][\/et_pb_row][\/et_pb_section]<\/p>\n","protected":false},"excerpt":{"rendered":"<p>H\u00f6gkostnadskydd: I Sverige har vi ett h\u00f6gkostnadsskydd f\u00f6r dig som har h\u00f6ga tandv\u00e5rdskostnader. Det betyder att du som patient betalar delar av din tandv\u00e5rd sj\u00e4lv och resterande del betalas av f\u00f6rs\u00e4kringskassan. Kostnader upp till 3000 kronor av referenspriset (en summa som staten best\u00e4mmer varje \u00e5r) f\u00e5r du som patient betala sj\u00e4lv. F\u00f6r kostnader 3001-15000 f\u00e5r [&hellip;]<\/p>\n","protected":false},"author":1,"featured_media":0,"parent":0,"menu_order":0,"comment_status":"closed","ping_status":"closed","template":"","meta":{"_et_pb_use_builder":"on","_et_pb_old_content":"","_et_gb_content_width":"","footnotes":""},"class_list":["post-95","page","type-page","status-publish","hentry"],"yoast_head":"<!-- This site is optimized with the Yoast SEO plugin v26.5 - https:\/\/yoast.com\/wordpress\/plugins\/seo\/ -->\n<title>V\u00e5ra priser - Tandhuset kronan<\/title>\n<meta name=\"robots\" content=\"index, follow, max-snippet:-1, max-image-preview:large, max-video-preview:-1\" \/>\n<link rel=\"canonical\" href=\"https:\/\/www.tandhusetkronan.se\/?page_id=95\" \/>\n<meta property=\"og:locale\" content=\"sv_SE\" \/>\n<meta property=\"og:type\" content=\"article\" \/>\n<meta property=\"og:title\" content=\"V\u00e5ra priser - Tandhuset kronan\" \/>\n<meta property=\"og:description\" content=\"H\u00f6gkostnadskydd: I Sverige har vi ett h\u00f6gkostnadsskydd f\u00f6r dig som har h\u00f6ga tandv\u00e5rdskostnader. Det betyder att du som patient betalar delar av din tandv\u00e5rd sj\u00e4lv och resterande del betalas av f\u00f6rs\u00e4kringskassan. Kostnader upp till 3000 kronor av referenspriset (en summa som staten best\u00e4mmer varje \u00e5r) f\u00e5r du som patient betala sj\u00e4lv. F\u00f6r kostnader 3001-15000 f\u00e5r [&hellip;]\" \/>\n<meta property=\"og:url\" content=\"https:\/\/www.tandhusetkronan.se\/?page_id=95\" \/>\n<meta property=\"og:site_name\" content=\"Tandhuset kronan\" \/>\n<meta property=\"article:publisher\" content=\"https:\/\/m.facebook.com\/100063870930434\/\" \/>\n<meta property=\"article:modified_time\" content=\"2026-04-16T15:20:21+00:00\" \/>\n<meta name=\"twitter:card\" content=\"summary_large_image\" \/>\n<meta name=\"twitter:label1\" content=\"Ber\u00e4knad l\u00e4stid\" \/>\n\t<meta name=\"twitter:data1\" content=\"3 minuter\" \/>\n<script type=\"application\/ld+json\" class=\"yoast-schema-graph\">{\"@context\":\"https:\/\/schema.org\",\"@graph\":[{\"@type\":\"WebPage\",\"@id\":\"https:\/\/www.tandhusetkronan.se\/?page_id=95\",\"url\":\"https:\/\/www.tandhusetkronan.se\/?page_id=95\",\"name\":\"V\u00e5ra priser - Tandhuset kronan\",\"isPartOf\":{\"@id\":\"https:\/\/www.tandhusetkronan.se\/#website\"},\"datePublished\":\"2022-12-01T19:28:18+00:00\",\"dateModified\":\"2026-04-16T15:20:21+00:00\",\"breadcrumb\":{\"@id\":\"https:\/\/www.tandhusetkronan.se\/?page_id=95#breadcrumb\"},\"inLanguage\":\"sv-SE\",\"potentialAction\":[{\"@type\":\"ReadAction\",\"target\":[\"https:\/\/www.tandhusetkronan.se\/?page_id=95\"]}]},{\"@type\":\"BreadcrumbList\",\"@id\":\"https:\/\/www.tandhusetkronan.se\/?page_id=95#breadcrumb\",\"itemListElement\":[{\"@type\":\"ListItem\",\"position\":1,\"name\":\"Hem\",\"item\":\"https:\/\/www.tandhusetkronan.se\/\"},{\"@type\":\"ListItem\",\"position\":2,\"name\":\"V\u00e5ra priser\"}]},{\"@type\":\"WebSite\",\"@id\":\"https:\/\/www.tandhusetkronan.se\/#website\",\"url\":\"https:\/\/www.tandhusetkronan.se\/\",\"name\":\"Tandhuset kronan\",\"description\":\"\",\"publisher\":{\"@id\":\"https:\/\/www.tandhusetkronan.se\/#organization\"},\"potentialAction\":[{\"@type\":\"SearchAction\",\"target\":{\"@type\":\"EntryPoint\",\"urlTemplate\":\"https:\/\/www.tandhusetkronan.se\/?s={search_term_string}\"},\"query-input\":{\"@type\":\"PropertyValueSpecification\",\"valueRequired\":true,\"valueName\":\"search_term_string\"}}],\"inLanguage\":\"sv-SE\"},{\"@type\":\"Organization\",\"@id\":\"https:\/\/www.tandhusetkronan.se\/#organization\",\"name\":\"Tandhuset kronan\",\"url\":\"https:\/\/www.tandhusetkronan.se\/\",\"logo\":{\"@type\":\"ImageObject\",\"inLanguage\":\"sv-SE\",\"@id\":\"https:\/\/www.tandhusetkronan.se\/#\/schema\/logo\/image\/\",\"url\":\"https:\/\/www.tandhusetkronan.se\/wp-content\/uploads\/2022\/12\/Logga.png\",\"contentUrl\":\"https:\/\/www.tandhusetkronan.se\/wp-content\/uploads\/2022\/12\/Logga.png\",\"width\":445,\"height\":96,\"caption\":\"Tandhuset kronan\"},\"image\":{\"@id\":\"https:\/\/www.tandhusetkronan.se\/#\/schema\/logo\/image\/\"},\"sameAs\":[\"https:\/\/m.facebook.com\/100063870930434\/\"]}]}<\/script>\n<!-- \/ Yoast SEO plugin. -->","yoast_head_json":{"title":"V\u00e5ra priser - Tandhuset kronan","robots":{"index":"index","follow":"follow","max-snippet":"max-snippet:-1","max-image-preview":"max-image-preview:large","max-video-preview":"max-video-preview:-1"},"canonical":"https:\/\/www.tandhusetkronan.se\/?page_id=95","og_locale":"sv_SE","og_type":"article","og_title":"V\u00e5ra priser - Tandhuset kronan","og_description":"H\u00f6gkostnadskydd: I Sverige har vi ett h\u00f6gkostnadsskydd f\u00f6r dig som har h\u00f6ga tandv\u00e5rdskostnader. Det betyder att du som patient betalar delar av din tandv\u00e5rd sj\u00e4lv och resterande del betalas av f\u00f6rs\u00e4kringskassan. Kostnader upp till 3000 kronor av referenspriset (en summa som staten best\u00e4mmer varje \u00e5r) f\u00e5r du som patient betala sj\u00e4lv. F\u00f6r kostnader 3001-15000 f\u00e5r [&hellip;]","og_url":"https:\/\/www.tandhusetkronan.se\/?page_id=95","og_site_name":"Tandhuset kronan","article_publisher":"https:\/\/m.facebook.com\/100063870930434\/","article_modified_time":"2026-04-16T15:20:21+00:00","twitter_card":"summary_large_image","twitter_misc":{"Ber\u00e4knad l\u00e4stid":"3 minuter"},"schema":{"@context":"https:\/\/schema.org","@graph":[{"@type":"WebPage","@id":"https:\/\/www.tandhusetkronan.se\/?page_id=95","url":"https:\/\/www.tandhusetkronan.se\/?page_id=95","name":"V\u00e5ra priser - Tandhuset kronan","isPartOf":{"@id":"https:\/\/www.tandhusetkronan.se\/#website"},"datePublished":"2022-12-01T19:28:18+00:00","dateModified":"2026-04-16T15:20:21+00:00","breadcrumb":{"@id":"https:\/\/www.tandhusetkronan.se\/?page_id=95#breadcrumb"},"inLanguage":"sv-SE","potentialAction":[{"@type":"ReadAction","target":["https:\/\/www.tandhusetkronan.se\/?page_id=95"]}]},{"@type":"BreadcrumbList","@id":"https:\/\/www.tandhusetkronan.se\/?page_id=95#breadcrumb","itemListElement":[{"@type":"ListItem","position":1,"name":"Hem","item":"https:\/\/www.tandhusetkronan.se\/"},{"@type":"ListItem","position":2,"name":"V\u00e5ra priser"}]},{"@type":"WebSite","@id":"https:\/\/www.tandhusetkronan.se\/#website","url":"https:\/\/www.tandhusetkronan.se\/","name":"Tandhuset kronan","description":"","publisher":{"@id":"https:\/\/www.tandhusetkronan.se\/#organization"},"potentialAction":[{"@type":"SearchAction","target":{"@type":"EntryPoint","urlTemplate":"https:\/\/www.tandhusetkronan.se\/?s={search_term_string}"},"query-input":{"@type":"PropertyValueSpecification","valueRequired":true,"valueName":"search_term_string"}}],"inLanguage":"sv-SE"},{"@type":"Organization","@id":"https:\/\/www.tandhusetkronan.se\/#organization","name":"Tandhuset kronan","url":"https:\/\/www.tandhusetkronan.se\/","logo":{"@type":"ImageObject","inLanguage":"sv-SE","@id":"https:\/\/www.tandhusetkronan.se\/#\/schema\/logo\/image\/","url":"https:\/\/www.tandhusetkronan.se\/wp-content\/uploads\/2022\/12\/Logga.png","contentUrl":"https:\/\/www.tandhusetkronan.se\/wp-content\/uploads\/2022\/12\/Logga.png","width":445,"height":96,"caption":"Tandhuset kronan"},"image":{"@id":"https:\/\/www.tandhusetkronan.se\/#\/schema\/logo\/image\/"},"sameAs":["https:\/\/m.facebook.com\/100063870930434\/"]}]}},"_links":{"self":[{"href":"https:\/\/www.tandhusetkronan.se\/index.php?rest_route=\/wp\/v2\/pages\/95","targetHints":{"allow":["GET"]}}],"collection":[{"href":"https:\/\/www.tandhusetkronan.se\/index.php?rest_route=\/wp\/v2\/pages"}],"about":[{"href":"https:\/\/www.tandhusetkronan.se\/index.php?rest_route=\/wp\/v2\/types\/page"}],"author":[{"embeddable":true,"href":"https:\/\/www.tandhusetkronan.se\/index.php?rest_route=\/wp\/v2\/users\/1"}],"replies":[{"embeddable":true,"href":"https:\/\/www.tandhusetkronan.se\/index.php?rest_route=%2Fwp%2Fv2%2Fcomments&post=95"}],"version-history":[{"count":20,"href":"https:\/\/www.tandhusetkronan.se\/index.php?rest_route=\/wp\/v2\/pages\/95\/revisions"}],"predecessor-version":[{"id":417,"href":"https:\/\/www.tandhusetkronan.se\/index.php?rest_route=\/wp\/v2\/pages\/95\/revisions\/417"}],"wp:attachment":[{"href":"https:\/\/www.tandhusetkronan.se\/index.php?rest_route=%2Fwp%2Fv2%2Fmedia&parent=95"}],"curies":[{"name":"wp","href":"https:\/\/api.w.org\/{rel}","templated":true}]}}